{"id":38748,"date":"2026-02-24T11:17:17","date_gmt":"2026-02-24T10:17:17","guid":{"rendered":"https:\/\/imprimeideas.es\/?post_type=product&p=38748"},"modified":"2026-02-26T18:37:40","modified_gmt":"2026-02-26T17:37:40","slug":"power-bank-vekmar","status":"publish","type":"product","link":"https:\/\/imprimeideas.es\/en\/product\/power-bank-vekmar\/","title":{"rendered":"Power Bank Vekmar"},"content":{"rendered":"<p>Bater\u00eda auxiliar externa con tecnolog\u00eda de carga inal\u00e1mbrica de gran capacidad -5.000 mAh-. De dise\u00f1o compacto y con fijaci\u00f3n magn\u00e9tica para poder usar el dispositivo mientras se produce la carga del mismo. Conexi\u00f3n Tipo-C de entrada de corriente y USB de salida, con cable de carga tipo C incluido. Bot\u00f3n ON\/OFF, ledes indicadores de estado de carga y amplia superficie de marcaje. Presentada en atractiva caja de dise\u00f1o, con manual de instrucciones en espa\u00f1ol e ingl\u00e9s. Incluye anillo adhesivo, siendo v\u00e1lido para todos los dispositivos con tecnolog\u00eda Magsafe y Qi.Las capacidades mostradas en todas nuestras bater\u00edas auxiliares externas son reales, incorporando todas ellas bater\u00edas de grado A y no recicladas, con una vida \u00fatil de al menos 500 ciclos de carga y seg\u00fan normativa CE. Adem\u00e1s, est\u00e1n fabricadas conforme a los est\u00e1ndares RoHS y en cumplimiento con los siguientes requisitos de seguridad: Sistema de protecci\u00f3n contra sobrecarga del power bank. Sistema de protecci\u00f3n contra descarga completa que proporciona una mayor durabilidad del power bank. Sistema de bloqueo para evitar cortocircuitos. Sistema de transferencia de carga constante, acorde con la capacidad del dispositivo de destino.<\/p>","protected":false},"excerpt":{"rendered":"<p>Inal\u00e1mbrico 5W. Magn\u00e9tico. 5000 mAh. Entrada Tipo C<\/p>","protected":false},"featured_media":63194,"comment_status":"open","ping_status":"open","template":"","meta":{"inline_featured_image":false},"product_brand":[],"product_cat":[95],"product_tag":[],"class_list":{"0":"post-38748","1":"product","2":"type-product","3":"status-publish","4":"has-post-thumbnail","6":"product_cat-tecnologia-y-accesorios","8":"first","9":"instock","10":"taxable","11":"shipping-taxable","12":"purchasable","13":"product-type-variable","14":"has-default-attributes"},"aioseo_notices":[],"_links":{"self":[{"href":"https:\/\/imprimeideas.es\/en\/wp-json\/wp\/v2\/product\/38748","targetHints":{"allow":["GET"]}}],"collection":[{"href":"https:\/\/imprimeideas.es\/en\/wp-json\/wp\/v2\/product"}],"about":[{"href":"https:\/\/imprimeideas.es\/en\/wp-json\/wp\/v2\/types\/product"}],"replies":[{"embeddable":true,"href":"https:\/\/imprimeideas.es\/en\/wp-json\/wp\/v2\/comments?post=38748"}],"version-history":[{"count":1,"href":"https:\/\/imprimeideas.es\/en\/wp-json\/wp\/v2\/product\/38748\/revisions"}],"predecessor-version":[{"id":60634,"href":"https:\/\/imprimeideas.es\/en\/wp-json\/wp\/v2\/product\/38748\/revisions\/60634"}],"wp:featuredmedia":[{"embeddable":true,"href":"https:\/\/imprimeideas.es\/en\/wp-json\/wp\/v2\/media\/63194"}],"wp:attachment":[{"href":"https:\/\/imprimeideas.es\/en\/wp-json\/wp\/v2\/media?parent=38748"}],"wp:term":[{"taxonomy":"product_brand","embeddable":true,"href":"https:\/\/imprimeideas.es\/en\/wp-json\/wp\/v2\/product_brand?post=38748"},{"taxonomy":"product_cat","embeddable":true,"href":"https:\/\/imprimeideas.es\/en\/wp-json\/wp\/v2\/product_cat?post=38748"},{"taxonomy":"product_tag","embeddable":true,"href":"https:\/\/imprimeideas.es\/en\/wp-json\/wp\/v2\/product_tag?post=38748"}],"curies":[{"name":"wp","href":"https:\/\/api.w.org\/{rel}","templated":true}]}}