{"id":38746,"date":"2026-02-24T11:17:17","date_gmt":"2026-02-24T10:17:17","guid":{"rendered":"https:\/\/imprimeideas.es\/?post_type=product&p=38746"},"modified":"2026-02-26T18:13:50","modified_gmt":"2026-02-26T17:13:50","slug":"calendario-sobremesa-lasow","status":"publish","type":"product","link":"https:\/\/imprimeideas.es\/en\/product\/calendario-sobremesa-lasow\/","title":{"rendered":"Calendario Sobremesa Lasow"},"content":{"rendered":"<p>Calendario de sobremesa de l\u00ednea nature. Fabricado en cart\u00f3n reciclado, con anillas en color negro. Dise\u00f1o mes en curso\/ mes anterior\/ mes siguiente. Amplia superficie de marcaje en ambas caras.<\/p>","protected":false},"excerpt":{"rendered":"<p>Calendario de sobremesa de l\u00ednea nature. Fabricado en cart\u00f3n reciclado, con anillas en color negro. Dise\u00f1o mes en curso\/ mes<\/p>","protected":false},"featured_media":61762,"comment_status":"open","ping_status":"open","template":"","meta":{"inline_featured_image":false},"product_brand":[],"product_cat":[122,96],"product_tag":[],"class_list":{"0":"post-38746","1":"product","2":"type-product","3":"status-publish","4":"has-post-thumbnail","6":"product_cat-articulos-sostenibles","7":"product_cat-oficina-y-negocios","9":"first","10":"instock","11":"taxable","12":"shipping-taxable","13":"purchasable","14":"product-type-variable","15":"has-default-attributes"},"aioseo_notices":[],"_links":{"self":[{"href":"https:\/\/imprimeideas.es\/en\/wp-json\/wp\/v2\/product\/38746","targetHints":{"allow":["GET"]}}],"collection":[{"href":"https:\/\/imprimeideas.es\/en\/wp-json\/wp\/v2\/product"}],"about":[{"href":"https:\/\/imprimeideas.es\/en\/wp-json\/wp\/v2\/types\/product"}],"replies":[{"embeddable":true,"href":"https:\/\/imprimeideas.es\/en\/wp-json\/wp\/v2\/comments?post=38746"}],"version-history":[{"count":1,"href":"https:\/\/imprimeideas.es\/en\/wp-json\/wp\/v2\/product\/38746\/revisions"}],"predecessor-version":[{"id":60633,"href":"https:\/\/imprimeideas.es\/en\/wp-json\/wp\/v2\/product\/38746\/revisions\/60633"}],"wp:featuredmedia":[{"embeddable":true,"href":"https:\/\/imprimeideas.es\/en\/wp-json\/wp\/v2\/media\/61762"}],"wp:attachment":[{"href":"https:\/\/imprimeideas.es\/en\/wp-json\/wp\/v2\/media?parent=38746"}],"wp:term":[{"taxonomy":"product_brand","embeddable":true,"href":"https:\/\/imprimeideas.es\/en\/wp-json\/wp\/v2\/product_brand?post=38746"},{"taxonomy":"product_cat","embeddable":true,"href":"https:\/\/imprimeideas.es\/en\/wp-json\/wp\/v2\/product_cat?post=38746"},{"taxonomy":"product_tag","embeddable":true,"href":"https:\/\/imprimeideas.es\/en\/wp-json\/wp\/v2\/product_tag?post=38746"}],"curies":[{"name":"wp","href":"https:\/\/api.w.org\/{rel}","templated":true}]}}