{"id":38741,"date":"2026-02-24T11:17:16","date_gmt":"2026-02-24T10:17:16","guid":{"rendered":"https:\/\/imprimeideas.es\/?post_type=product&p=38741"},"modified":"2026-02-26T18:42:36","modified_gmt":"2026-02-26T17:42:36","slug":"trolley-dacrux","status":"publish","type":"product","link":"https:\/\/imprimeideas.es\/en\/product\/trolley-dacrux\/","title":{"rendered":"Trolley Dacrux"},"content":{"rendered":"<p>Trolley de cabina de l\u00ednea nature resistente a los golpes, fabricado en material RPET elaborado a partir de pl\u00e1stico reciclado, para as\u00ed fomentar la reutilizaci\u00f3n de residuos pl\u00e1sticos y contribuir a la sostenibilidad del planeta. Asa de transporte telesc\u00f3pica, con 4 ruedas giratorias y cierre de seguridad TSA. Forro interior en RPET, con cintas el\u00e1sticas de sujeci\u00f3n incluidas. Distintivo RPET grabado en frontal.<\/p>","protected":false},"excerpt":{"rendered":"<p>R\u00edgido. 4 Ruedas Giratorias. Cierre Seguridad TSA<\/p>","protected":false},"featured_media":78339,"comment_status":"open","ping_status":"open","template":"","meta":{"inline_featured_image":false},"product_brand":[],"product_cat":[122,103],"product_tag":[],"class_list":{"0":"post-38741","1":"product","2":"type-product","3":"status-publish","4":"has-post-thumbnail","6":"product_cat-articulos-sostenibles","7":"product_cat-viaje","9":"first","10":"instock","11":"taxable","12":"shipping-taxable","13":"purchasable","14":"product-type-variable","15":"has-default-attributes"},"aioseo_notices":[],"_links":{"self":[{"href":"https:\/\/imprimeideas.es\/en\/wp-json\/wp\/v2\/product\/38741","targetHints":{"allow":["GET"]}}],"collection":[{"href":"https:\/\/imprimeideas.es\/en\/wp-json\/wp\/v2\/product"}],"about":[{"href":"https:\/\/imprimeideas.es\/en\/wp-json\/wp\/v2\/types\/product"}],"replies":[{"embeddable":true,"href":"https:\/\/imprimeideas.es\/en\/wp-json\/wp\/v2\/comments?post=38741"}],"version-history":[{"count":1,"href":"https:\/\/imprimeideas.es\/en\/wp-json\/wp\/v2\/product\/38741\/revisions"}],"predecessor-version":[{"id":60631,"href":"https:\/\/imprimeideas.es\/en\/wp-json\/wp\/v2\/product\/38741\/revisions\/60631"}],"wp:featuredmedia":[{"embeddable":true,"href":"https:\/\/imprimeideas.es\/en\/wp-json\/wp\/v2\/media\/78339"}],"wp:attachment":[{"href":"https:\/\/imprimeideas.es\/en\/wp-json\/wp\/v2\/media?parent=38741"}],"wp:term":[{"taxonomy":"product_brand","embeddable":true,"href":"https:\/\/imprimeideas.es\/en\/wp-json\/wp\/v2\/product_brand?post=38741"},{"taxonomy":"product_cat","embeddable":true,"href":"https:\/\/imprimeideas.es\/en\/wp-json\/wp\/v2\/product_cat?post=38741"},{"taxonomy":"product_tag","embeddable":true,"href":"https:\/\/imprimeideas.es\/en\/wp-json\/wp\/v2\/product_tag?post=38741"}],"curies":[{"name":"wp","href":"https:\/\/api.w.org\/{rel}","templated":true}]}}