{"id":38739,"date":"2026-02-24T11:17:16","date_gmt":"2026-02-24T10:17:16","guid":{"rendered":"https:\/\/imprimeideas.es\/?post_type=product&p=38739"},"modified":"2026-02-26T18:33:01","modified_gmt":"2026-02-26T17:33:01","slug":"mochila-nevera-picnic-kazor","status":"publish","type":"product","link":"https:\/\/imprimeideas.es\/en\/product\/mochila-nevera-picnic-kazor\/","title":{"rendered":"Mochila Nevera Picnic Kazor"},"content":{"rendered":"<p>Mochila nevera para picnic de l\u00ednea nature, fabricada en resistente RPET 600D de alta calidad, elaborado a partir de pl\u00e1stico reciclado para as\u00ed fomentar la reutilizaci\u00f3n de residuos pl\u00e1sticos y contribuir a la sostenibilidad del planeta. Ideal para 2 personas, con bolsillo independiente para un almacenaje seguro. Incluye 2 vasos, 2 cuchillos, 2 cucharas, 2 tenedores, 2 platos y 2 servilletas. Compartimento nevera con interior en PEVA y c\u00f3moda asa de transporte. Cintas y parte trasera acolchadas. Distintivo RPET en etiqueta.<\/p>","protected":false},"excerpt":{"rendered":"<p>12 Piezas. 2 Servicios. Parte Trasera y Cintas Acolchadas<\/p>","protected":false},"featured_media":80348,"comment_status":"open","ping_status":"open","template":"","meta":{"inline_featured_image":false},"product_brand":[],"product_cat":[122,101,102],"product_tag":[],"class_list":{"0":"post-38739","1":"product","2":"type-product","3":"status-publish","4":"has-post-thumbnail","6":"product_cat-articulos-sostenibles","7":"product_cat-deporte-y-aventura","8":"product_cat-ocio-y-tiempo-libre","10":"first","11":"instock","12":"taxable","13":"shipping-taxable","14":"purchasable","15":"product-type-variable","16":"has-default-attributes"},"aioseo_notices":[],"_links":{"self":[{"href":"https:\/\/imprimeideas.es\/en\/wp-json\/wp\/v2\/product\/38739","targetHints":{"allow":["GET"]}}],"collection":[{"href":"https:\/\/imprimeideas.es\/en\/wp-json\/wp\/v2\/product"}],"about":[{"href":"https:\/\/imprimeideas.es\/en\/wp-json\/wp\/v2\/types\/product"}],"replies":[{"embeddable":true,"href":"https:\/\/imprimeideas.es\/en\/wp-json\/wp\/v2\/comments?post=38739"}],"version-history":[{"count":1,"href":"https:\/\/imprimeideas.es\/en\/wp-json\/wp\/v2\/product\/38739\/revisions"}],"predecessor-version":[{"id":60630,"href":"https:\/\/imprimeideas.es\/en\/wp-json\/wp\/v2\/product\/38739\/revisions\/60630"}],"wp:featuredmedia":[{"embeddable":true,"href":"https:\/\/imprimeideas.es\/en\/wp-json\/wp\/v2\/media\/80348"}],"wp:attachment":[{"href":"https:\/\/imprimeideas.es\/en\/wp-json\/wp\/v2\/media?parent=38739"}],"wp:term":[{"taxonomy":"product_brand","embeddable":true,"href":"https:\/\/imprimeideas.es\/en\/wp-json\/wp\/v2\/product_brand?post=38739"},{"taxonomy":"product_cat","embeddable":true,"href":"https:\/\/imprimeideas.es\/en\/wp-json\/wp\/v2\/product_cat?post=38739"},{"taxonomy":"product_tag","embeddable":true,"href":"https:\/\/imprimeideas.es\/en\/wp-json\/wp\/v2\/product_tag?post=38739"}],"curies":[{"name":"wp","href":"https:\/\/api.w.org\/{rel}","templated":true}]}}