{"id":38729,"date":"2026-02-24T11:17:15","date_gmt":"2026-02-24T10:17:15","guid":{"rendered":"https:\/\/imprimeideas.es\/?post_type=product&p=38729"},"modified":"2026-02-26T18:42:25","modified_gmt":"2026-02-26T17:42:25","slug":"maletin-bakex","status":"publish","type":"product","link":"https:\/\/imprimeideas.es\/en\/product\/maletin-bakex\/","title":{"rendered":"Malet\u00edn Bakex"},"content":{"rendered":"<p>Malet\u00edn de l\u00ednea nature con dise\u00f1o urbano y acolchado total. Fabricado en resistente RPET 300D elaborado a partir de pl\u00e1stico reciclado, para as\u00ed fomentar la reutilizaci\u00f3n de residuos pl\u00e1sticos y contribuir a la sostenibilidad del planeta. Accesorio para ajuste en trolley, con compartimento interior acolchado para ordenador port\u00e1til de hasta 15 pulgadas. Bolsillo principal con cierre de cremallera y tirador met\u00e1lico. C\u00f3modas asas de transporte reforzadas y cinta bandolera ajustable, con refuerzo acolchado para hombro y cierres giratorios de mosquet\u00f3n. Distintivo RPET en etiqueta.<\/p>","protected":false},"excerpt":{"rendered":"<p>Acolchado. Bolsillo Acolchado para Port\u00e1til<\/p>","protected":false},"featured_media":76561,"comment_status":"open","ping_status":"open","template":"","meta":{"inline_featured_image":false},"product_brand":[],"product_cat":[122,96],"product_tag":[],"class_list":{"0":"post-38729","1":"product","2":"type-product","3":"status-publish","4":"has-post-thumbnail","6":"product_cat-articulos-sostenibles","7":"product_cat-oficina-y-negocios","9":"first","10":"instock","11":"taxable","12":"shipping-taxable","13":"purchasable","14":"product-type-variable","15":"has-default-attributes"},"aioseo_notices":[],"_links":{"self":[{"href":"https:\/\/imprimeideas.es\/en\/wp-json\/wp\/v2\/product\/38729","targetHints":{"allow":["GET"]}}],"collection":[{"href":"https:\/\/imprimeideas.es\/en\/wp-json\/wp\/v2\/product"}],"about":[{"href":"https:\/\/imprimeideas.es\/en\/wp-json\/wp\/v2\/types\/product"}],"replies":[{"embeddable":true,"href":"https:\/\/imprimeideas.es\/en\/wp-json\/wp\/v2\/comments?post=38729"}],"version-history":[{"count":1,"href":"https:\/\/imprimeideas.es\/en\/wp-json\/wp\/v2\/product\/38729\/revisions"}],"predecessor-version":[{"id":60627,"href":"https:\/\/imprimeideas.es\/en\/wp-json\/wp\/v2\/product\/38729\/revisions\/60627"}],"wp:featuredmedia":[{"embeddable":true,"href":"https:\/\/imprimeideas.es\/en\/wp-json\/wp\/v2\/media\/76561"}],"wp:attachment":[{"href":"https:\/\/imprimeideas.es\/en\/wp-json\/wp\/v2\/media?parent=38729"}],"wp:term":[{"taxonomy":"product_brand","embeddable":true,"href":"https:\/\/imprimeideas.es\/en\/wp-json\/wp\/v2\/product_brand?post=38729"},{"taxonomy":"product_cat","embeddable":true,"href":"https:\/\/imprimeideas.es\/en\/wp-json\/wp\/v2\/product_cat?post=38729"},{"taxonomy":"product_tag","embeddable":true,"href":"https:\/\/imprimeideas.es\/en\/wp-json\/wp\/v2\/product_tag?post=38729"}],"curies":[{"name":"wp","href":"https:\/\/api.w.org\/{rel}","templated":true}]}}