{"id":38722,"date":"2026-02-24T11:17:15","date_gmt":"2026-02-24T10:17:15","guid":{"rendered":"https:\/\/imprimeideas.es\/?post_type=product&p=38722"},"modified":"2026-02-26T18:19:30","modified_gmt":"2026-02-26T17:19:30","slug":"calendario-perpetuo-gadner","status":"publish","type":"product","link":"https:\/\/imprimeideas.es\/en\/product\/calendario-perpetuo-gadner\/","title":{"rendered":"Calendario Perpetuo Gadner"},"content":{"rendered":"<p>Calendario perpetuo de l\u00ednea nature: ya no es necesario cambiar de calendario cada a\u00f1o, con el beneficio al medio ambiente que esto supone. Fabricado en cart\u00f3n reciclado, con anillas en color negro. Tipograf\u00eda de f\u00e1cil lectura y amplia superficie de impresi\u00f3n en la parte inferior.<\/p>","protected":false},"excerpt":{"rendered":"<p>Calendario perpetuo de l\u00ednea nature: ya no es necesario cambiar de calendario cada a\u00f1o, con el beneficio al medio ambiente<\/p>","protected":false},"featured_media":81192,"comment_status":"open","ping_status":"open","template":"","meta":{"inline_featured_image":false},"product_brand":[],"product_cat":[122,96],"product_tag":[],"class_list":{"0":"post-38722","1":"product","2":"type-product","3":"status-publish","4":"has-post-thumbnail","6":"product_cat-articulos-sostenibles","7":"product_cat-oficina-y-negocios","9":"first","10":"instock","11":"taxable","12":"shipping-taxable","13":"purchasable","14":"product-type-variable","15":"has-default-attributes"},"aioseo_notices":[],"_links":{"self":[{"href":"https:\/\/imprimeideas.es\/en\/wp-json\/wp\/v2\/product\/38722","targetHints":{"allow":["GET"]}}],"collection":[{"href":"https:\/\/imprimeideas.es\/en\/wp-json\/wp\/v2\/product"}],"about":[{"href":"https:\/\/imprimeideas.es\/en\/wp-json\/wp\/v2\/types\/product"}],"replies":[{"embeddable":true,"href":"https:\/\/imprimeideas.es\/en\/wp-json\/wp\/v2\/comments?post=38722"}],"version-history":[{"count":1,"href":"https:\/\/imprimeideas.es\/en\/wp-json\/wp\/v2\/product\/38722\/revisions"}],"predecessor-version":[{"id":60625,"href":"https:\/\/imprimeideas.es\/en\/wp-json\/wp\/v2\/product\/38722\/revisions\/60625"}],"wp:featuredmedia":[{"embeddable":true,"href":"https:\/\/imprimeideas.es\/en\/wp-json\/wp\/v2\/media\/81192"}],"wp:attachment":[{"href":"https:\/\/imprimeideas.es\/en\/wp-json\/wp\/v2\/media?parent=38722"}],"wp:term":[{"taxonomy":"product_brand","embeddable":true,"href":"https:\/\/imprimeideas.es\/en\/wp-json\/wp\/v2\/product_brand?post=38722"},{"taxonomy":"product_cat","embeddable":true,"href":"https:\/\/imprimeideas.es\/en\/wp-json\/wp\/v2\/product_cat?post=38722"},{"taxonomy":"product_tag","embeddable":true,"href":"https:\/\/imprimeideas.es\/en\/wp-json\/wp\/v2\/product_tag?post=38722"}],"curies":[{"name":"wp","href":"https:\/\/api.w.org\/{rel}","templated":true}]}}