{"id":38720,"date":"2026-02-24T11:17:14","date_gmt":"2026-02-24T10:17:14","guid":{"rendered":"https:\/\/imprimeideas.es\/?post_type=product&p=38720"},"modified":"2026-02-26T18:42:38","modified_gmt":"2026-02-26T17:42:38","slug":"adorno-carrigan","status":"publish","type":"product","link":"https:\/\/imprimeideas.es\/en\/product\/adorno-carrigan\/","title":{"rendered":"Adorno Carrigan"},"content":{"rendered":"<p>Adorno de navidad de l\u00ednea nature, con pizarra y original dise\u00f1o troquelado de \u00e1rbol de navidad, fabricado en madera de tacto suave. Parte trasera imantada y cord\u00f3n para colgar en yute. Incluye tiza para escribir. Presentada en bolsa individual.<\/p>","protected":false},"excerpt":{"rendered":"<p>Magn\u00e9tico. Tiza Incluida<\/p>","protected":false},"featured_media":71900,"comment_status":"open","ping_status":"open","template":"","meta":{"inline_featured_image":false},"product_brand":[],"product_cat":[122,127],"product_tag":[],"class_list":{"0":"post-38720","1":"product","2":"type-product","3":"status-publish","4":"has-post-thumbnail","6":"product_cat-articulos-sostenibles","7":"product_cat-navidad","9":"first","10":"instock","11":"taxable","12":"shipping-taxable","13":"purchasable","14":"product-type-variable","15":"has-default-attributes"},"aioseo_notices":[],"_links":{"self":[{"href":"https:\/\/imprimeideas.es\/en\/wp-json\/wp\/v2\/product\/38720","targetHints":{"allow":["GET"]}}],"collection":[{"href":"https:\/\/imprimeideas.es\/en\/wp-json\/wp\/v2\/product"}],"about":[{"href":"https:\/\/imprimeideas.es\/en\/wp-json\/wp\/v2\/types\/product"}],"replies":[{"embeddable":true,"href":"https:\/\/imprimeideas.es\/en\/wp-json\/wp\/v2\/comments?post=38720"}],"version-history":[{"count":1,"href":"https:\/\/imprimeideas.es\/en\/wp-json\/wp\/v2\/product\/38720\/revisions"}],"predecessor-version":[{"id":60624,"href":"https:\/\/imprimeideas.es\/en\/wp-json\/wp\/v2\/product\/38720\/revisions\/60624"}],"wp:featuredmedia":[{"embeddable":true,"href":"https:\/\/imprimeideas.es\/en\/wp-json\/wp\/v2\/media\/71900"}],"wp:attachment":[{"href":"https:\/\/imprimeideas.es\/en\/wp-json\/wp\/v2\/media?parent=38720"}],"wp:term":[{"taxonomy":"product_brand","embeddable":true,"href":"https:\/\/imprimeideas.es\/en\/wp-json\/wp\/v2\/product_brand?post=38720"},{"taxonomy":"product_cat","embeddable":true,"href":"https:\/\/imprimeideas.es\/en\/wp-json\/wp\/v2\/product_cat?post=38720"},{"taxonomy":"product_tag","embeddable":true,"href":"https:\/\/imprimeideas.es\/en\/wp-json\/wp\/v2\/product_tag?post=38720"}],"curies":[{"name":"wp","href":"https:\/\/api.w.org\/{rel}","templated":true}]}}