{"id":38717,"date":"2026-02-24T11:17:14","date_gmt":"2026-02-24T10:17:14","guid":{"rendered":"https:\/\/imprimeideas.es\/?post_type=product&p=38717"},"modified":"2026-02-26T18:37:29","modified_gmt":"2026-02-26T17:37:29","slug":"vela-aromatica-keylax","status":"publish","type":"product","link":"https:\/\/imprimeideas.es\/en\/product\/vela-aromatica-keylax\/","title":{"rendered":"Vela Arom\u00e1tica Keylax"},"content":{"rendered":"<p>Vela arom\u00e1tica navide\u00f1a de l\u00ednea nature y aroma vainilla. Fabricada en cristal, con caja de madera troquelada y original dise\u00f1o. Presentada en caja individual de color natural.<\/p>","protected":false},"excerpt":{"rendered":"<p>Aroma Vainilla<\/p>","protected":false},"featured_media":78593,"comment_status":"open","ping_status":"open","template":"","meta":{"inline_featured_image":false},"product_brand":[],"product_cat":[122,127],"product_tag":[],"class_list":{"0":"post-38717","1":"product","2":"type-product","3":"status-publish","4":"has-post-thumbnail","6":"product_cat-articulos-sostenibles","7":"product_cat-navidad","9":"first","10":"instock","11":"taxable","12":"shipping-taxable","13":"purchasable","14":"product-type-variable","15":"has-default-attributes"},"aioseo_notices":[],"_links":{"self":[{"href":"https:\/\/imprimeideas.es\/en\/wp-json\/wp\/v2\/product\/38717","targetHints":{"allow":["GET"]}}],"collection":[{"href":"https:\/\/imprimeideas.es\/en\/wp-json\/wp\/v2\/product"}],"about":[{"href":"https:\/\/imprimeideas.es\/en\/wp-json\/wp\/v2\/types\/product"}],"replies":[{"embeddable":true,"href":"https:\/\/imprimeideas.es\/en\/wp-json\/wp\/v2\/comments?post=38717"}],"version-history":[{"count":1,"href":"https:\/\/imprimeideas.es\/en\/wp-json\/wp\/v2\/product\/38717\/revisions"}],"predecessor-version":[{"id":60623,"href":"https:\/\/imprimeideas.es\/en\/wp-json\/wp\/v2\/product\/38717\/revisions\/60623"}],"wp:featuredmedia":[{"embeddable":true,"href":"https:\/\/imprimeideas.es\/en\/wp-json\/wp\/v2\/media\/78593"}],"wp:attachment":[{"href":"https:\/\/imprimeideas.es\/en\/wp-json\/wp\/v2\/media?parent=38717"}],"wp:term":[{"taxonomy":"product_brand","embeddable":true,"href":"https:\/\/imprimeideas.es\/en\/wp-json\/wp\/v2\/product_brand?post=38717"},{"taxonomy":"product_cat","embeddable":true,"href":"https:\/\/imprimeideas.es\/en\/wp-json\/wp\/v2\/product_cat?post=38717"},{"taxonomy":"product_tag","embeddable":true,"href":"https:\/\/imprimeideas.es\/en\/wp-json\/wp\/v2\/product_tag?post=38717"}],"curies":[{"name":"wp","href":"https:\/\/api.w.org\/{rel}","templated":true}]}}