{"id":38710,"date":"2026-02-24T11:17:13","date_gmt":"2026-02-24T10:17:13","guid":{"rendered":"https:\/\/imprimeideas.es\/?post_type=product&p=38710"},"modified":"2026-02-26T18:42:32","modified_gmt":"2026-02-26T17:42:32","slug":"cargador-makensy","status":"publish","type":"product","link":"https:\/\/imprimeideas.es\/en\/product\/cargador-makensy\/","title":{"rendered":"Cargador Makensy"},"content":{"rendered":"<p>Cargador inal\u00e1mbrico magn\u00e9tico 10W. Carcasa fabricada en resistente aluminio de acabado plateado. Con indicador de estado de carga y cable USB de 1m con conector de aluminio. Incluye accesorio met\u00e1lico con adhesivo 3M, de fijaci\u00f3n extra fuerte y libre de residuo al despegarlo del dispositivo, permitiendo as\u00ed el uso de la funci\u00f3n magn\u00e9tica del cargador en cualquier dispositivo m\u00f3vil. Compatible con terminales equipados con tecnolog\u00eda de carga inal\u00e1mbrica. Amplia superficie de marcaje y presentado en atractiva caja de dise\u00f1o. Disponible manual de instrucciones en espa\u00f1ol e ingl\u00e9s.<\/p>","protected":false},"excerpt":{"rendered":"<p>Inal\u00e1mbrico 10W. Magn\u00e9tico<\/p>","protected":false},"featured_media":85219,"comment_status":"open","ping_status":"open","template":"","meta":{"inline_featured_image":false},"product_brand":[],"product_cat":[95],"product_tag":[],"class_list":{"0":"post-38710","1":"product","2":"type-product","3":"status-publish","4":"has-post-thumbnail","6":"product_cat-tecnologia-y-accesorios","8":"first","9":"instock","10":"taxable","11":"shipping-taxable","12":"purchasable","13":"product-type-variable","14":"has-default-attributes"},"aioseo_notices":[],"_links":{"self":[{"href":"https:\/\/imprimeideas.es\/en\/wp-json\/wp\/v2\/product\/38710","targetHints":{"allow":["GET"]}}],"collection":[{"href":"https:\/\/imprimeideas.es\/en\/wp-json\/wp\/v2\/product"}],"about":[{"href":"https:\/\/imprimeideas.es\/en\/wp-json\/wp\/v2\/types\/product"}],"replies":[{"embeddable":true,"href":"https:\/\/imprimeideas.es\/en\/wp-json\/wp\/v2\/comments?post=38710"}],"version-history":[{"count":1,"href":"https:\/\/imprimeideas.es\/en\/wp-json\/wp\/v2\/product\/38710\/revisions"}],"predecessor-version":[{"id":60620,"href":"https:\/\/imprimeideas.es\/en\/wp-json\/wp\/v2\/product\/38710\/revisions\/60620"}],"wp:featuredmedia":[{"embeddable":true,"href":"https:\/\/imprimeideas.es\/en\/wp-json\/wp\/v2\/media\/85219"}],"wp:attachment":[{"href":"https:\/\/imprimeideas.es\/en\/wp-json\/wp\/v2\/media?parent=38710"}],"wp:term":[{"taxonomy":"product_brand","embeddable":true,"href":"https:\/\/imprimeideas.es\/en\/wp-json\/wp\/v2\/product_brand?post=38710"},{"taxonomy":"product_cat","embeddable":true,"href":"https:\/\/imprimeideas.es\/en\/wp-json\/wp\/v2\/product_cat?post=38710"},{"taxonomy":"product_tag","embeddable":true,"href":"https:\/\/imprimeideas.es\/en\/wp-json\/wp\/v2\/product_tag?post=38710"}],"curies":[{"name":"wp","href":"https:\/\/api.w.org\/{rel}","templated":true}]}}