{"id":38673,"date":"2026-02-24T11:17:10","date_gmt":"2026-02-24T10:17:10","guid":{"rendered":"https:\/\/imprimeideas.es\/?post_type=product&p=38673"},"modified":"2026-02-26T18:03:11","modified_gmt":"2026-02-26T17:03:11","slug":"bidon-rangler","status":"publish","type":"product","link":"https:\/\/imprimeideas.es\/en\/product\/bidon-rangler\/","title":{"rendered":"Bid\u00f3n Rangler"},"content":{"rendered":"<p>Bid\u00f3n de l\u00ednea nature y 800ml de capacidad. Cuerpo fabricado en acero inox y tap\u00f3n en bamb\u00fa con original asa met\u00e1lica de transporte. Presentado en atractiva caja de dise\u00f1o eco.<\/p>","protected":false},"excerpt":{"rendered":"<p>800 ml<\/p>","protected":false},"featured_media":39195,"comment_status":"open","ping_status":"open","template":"","meta":{"inline_featured_image":false},"product_brand":[],"product_cat":[122,97],"product_tag":[],"class_list":{"0":"post-38673","1":"product","2":"type-product","3":"status-publish","4":"has-post-thumbnail","6":"product_cat-articulos-sostenibles","7":"product_cat-tazas-jarras-y-termos","9":"first","10":"instock","11":"taxable","12":"shipping-taxable","13":"purchasable","14":"product-type-variable","15":"has-default-attributes"},"aioseo_notices":[],"_links":{"self":[{"href":"https:\/\/imprimeideas.es\/en\/wp-json\/wp\/v2\/product\/38673","targetHints":{"allow":["GET"]}}],"collection":[{"href":"https:\/\/imprimeideas.es\/en\/wp-json\/wp\/v2\/product"}],"about":[{"href":"https:\/\/imprimeideas.es\/en\/wp-json\/wp\/v2\/types\/product"}],"replies":[{"embeddable":true,"href":"https:\/\/imprimeideas.es\/en\/wp-json\/wp\/v2\/comments?post=38673"}],"version-history":[{"count":1,"href":"https:\/\/imprimeideas.es\/en\/wp-json\/wp\/v2\/product\/38673\/revisions"}],"predecessor-version":[{"id":60610,"href":"https:\/\/imprimeideas.es\/en\/wp-json\/wp\/v2\/product\/38673\/revisions\/60610"}],"wp:featuredmedia":[{"embeddable":true,"href":"https:\/\/imprimeideas.es\/en\/wp-json\/wp\/v2\/media\/39195"}],"wp:attachment":[{"href":"https:\/\/imprimeideas.es\/en\/wp-json\/wp\/v2\/media?parent=38673"}],"wp:term":[{"taxonomy":"product_brand","embeddable":true,"href":"https:\/\/imprimeideas.es\/en\/wp-json\/wp\/v2\/product_brand?post=38673"},{"taxonomy":"product_cat","embeddable":true,"href":"https:\/\/imprimeideas.es\/en\/wp-json\/wp\/v2\/product_cat?post=38673"},{"taxonomy":"product_tag","embeddable":true,"href":"https:\/\/imprimeideas.es\/en\/wp-json\/wp\/v2\/product_tag?post=38673"}],"curies":[{"name":"wp","href":"https:\/\/api.w.org\/{rel}","templated":true}]}}