{"id":38669,"date":"2026-02-24T11:17:10","date_gmt":"2026-02-24T10:17:10","guid":{"rendered":"https:\/\/imprimeideas.es\/?post_type=product&p=38669"},"modified":"2026-02-26T18:08:09","modified_gmt":"2026-02-26T17:08:09","slug":"taza-termica-vanatin","status":"publish","type":"product","link":"https:\/\/imprimeideas.es\/en\/product\/taza-termica-vanatin\/","title":{"rendered":"Taza T\u00e9rmica Vanatin"},"content":{"rendered":"<p>Taza de l\u00ednea nature y 300ml de capacidad. Cuerpo en combinaci\u00f3n bamb\u00fa y acero inox de doble pared para mejor y m\u00e1s duradera conservaci\u00f3n de la temperatura. Con original tap\u00f3n dosificador. Es ideal para tener en tu escritorio, mesa o en cualquier superficie donde disfrutar tranquilamente de tu bebida favorita.<\/p>","protected":false},"excerpt":{"rendered":"<p>300 ml<\/p>","protected":false},"featured_media":80544,"comment_status":"open","ping_status":"open","template":"","meta":{"inline_featured_image":false},"product_brand":[],"product_cat":[122,97],"product_tag":[],"class_list":{"0":"post-38669","1":"product","2":"type-product","3":"status-publish","4":"has-post-thumbnail","6":"product_cat-articulos-sostenibles","7":"product_cat-tazas-jarras-y-termos","9":"first","10":"instock","11":"taxable","12":"shipping-taxable","13":"purchasable","14":"product-type-variable","15":"has-default-attributes"},"aioseo_notices":[],"_links":{"self":[{"href":"https:\/\/imprimeideas.es\/en\/wp-json\/wp\/v2\/product\/38669","targetHints":{"allow":["GET"]}}],"collection":[{"href":"https:\/\/imprimeideas.es\/en\/wp-json\/wp\/v2\/product"}],"about":[{"href":"https:\/\/imprimeideas.es\/en\/wp-json\/wp\/v2\/types\/product"}],"replies":[{"embeddable":true,"href":"https:\/\/imprimeideas.es\/en\/wp-json\/wp\/v2\/comments?post=38669"}],"version-history":[{"count":1,"href":"https:\/\/imprimeideas.es\/en\/wp-json\/wp\/v2\/product\/38669\/revisions"}],"predecessor-version":[{"id":60608,"href":"https:\/\/imprimeideas.es\/en\/wp-json\/wp\/v2\/product\/38669\/revisions\/60608"}],"wp:featuredmedia":[{"embeddable":true,"href":"https:\/\/imprimeideas.es\/en\/wp-json\/wp\/v2\/media\/80544"}],"wp:attachment":[{"href":"https:\/\/imprimeideas.es\/en\/wp-json\/wp\/v2\/media?parent=38669"}],"wp:term":[{"taxonomy":"product_brand","embeddable":true,"href":"https:\/\/imprimeideas.es\/en\/wp-json\/wp\/v2\/product_brand?post=38669"},{"taxonomy":"product_cat","embeddable":true,"href":"https:\/\/imprimeideas.es\/en\/wp-json\/wp\/v2\/product_cat?post=38669"},{"taxonomy":"product_tag","embeddable":true,"href":"https:\/\/imprimeideas.es\/en\/wp-json\/wp\/v2\/product_tag?post=38669"}],"curies":[{"name":"wp","href":"https:\/\/api.w.org\/{rel}","templated":true}]}}