{"id":38619,"date":"2026-02-24T11:17:05","date_gmt":"2026-02-24T10:17:05","guid":{"rendered":"https:\/\/imprimeideas.es\/?post_type=product&p=38619"},"modified":"2026-02-26T18:19:14","modified_gmt":"2026-02-26T17:19:14","slug":"bidon-tinof","status":"publish","type":"product","link":"https:\/\/imprimeideas.es\/en\/product\/bidon-tinof\/","title":{"rendered":"Bid\u00f3n Tinof"},"content":{"rendered":"<p>Bid\u00f3n de 470ml de capacidad. Fabricado con cuerpo de cristal y disponible en variada gama de colores. Tap\u00f3n a rosca en PP, libre de BPA, a juego. Presentado en caja individual de atractivo dise\u00f1o.<\/p>","protected":false},"excerpt":{"rendered":"<p>470 ml<\/p>","protected":false},"featured_media":66108,"comment_status":"open","ping_status":"open","template":"","meta":{"inline_featured_image":false},"product_brand":[],"product_cat":[97],"product_tag":[],"class_list":{"0":"post-38619","1":"product","2":"type-product","3":"status-publish","4":"has-post-thumbnail","6":"product_cat-tazas-jarras-y-termos","8":"first","9":"instock","10":"taxable","11":"shipping-taxable","12":"purchasable","13":"product-type-variable","14":"has-default-attributes"},"aioseo_notices":[],"_links":{"self":[{"href":"https:\/\/imprimeideas.es\/en\/wp-json\/wp\/v2\/product\/38619","targetHints":{"allow":["GET"]}}],"collection":[{"href":"https:\/\/imprimeideas.es\/en\/wp-json\/wp\/v2\/product"}],"about":[{"href":"https:\/\/imprimeideas.es\/en\/wp-json\/wp\/v2\/types\/product"}],"replies":[{"embeddable":true,"href":"https:\/\/imprimeideas.es\/en\/wp-json\/wp\/v2\/comments?post=38619"}],"version-history":[{"count":1,"href":"https:\/\/imprimeideas.es\/en\/wp-json\/wp\/v2\/product\/38619\/revisions"}],"predecessor-version":[{"id":60600,"href":"https:\/\/imprimeideas.es\/en\/wp-json\/wp\/v2\/product\/38619\/revisions\/60600"}],"wp:featuredmedia":[{"embeddable":true,"href":"https:\/\/imprimeideas.es\/en\/wp-json\/wp\/v2\/media\/66108"}],"wp:attachment":[{"href":"https:\/\/imprimeideas.es\/en\/wp-json\/wp\/v2\/media?parent=38619"}],"wp:term":[{"taxonomy":"product_brand","embeddable":true,"href":"https:\/\/imprimeideas.es\/en\/wp-json\/wp\/v2\/product_brand?post=38619"},{"taxonomy":"product_cat","embeddable":true,"href":"https:\/\/imprimeideas.es\/en\/wp-json\/wp\/v2\/product_cat?post=38619"},{"taxonomy":"product_tag","embeddable":true,"href":"https:\/\/imprimeideas.es\/en\/wp-json\/wp\/v2\/product_tag?post=38619"}],"curies":[{"name":"wp","href":"https:\/\/api.w.org\/{rel}","templated":true}]}}