{"id":38605,"date":"2026-02-24T11:17:04","date_gmt":"2026-02-24T10:17:04","guid":{"rendered":"https:\/\/imprimeideas.es\/?post_type=product&p=38605"},"modified":"2026-02-26T18:03:03","modified_gmt":"2026-02-26T17:03:03","slug":"bidon-trupak","status":"publish","type":"product","link":"https:\/\/imprimeideas.es\/en\/product\/bidon-trupak\/","title":{"rendered":"Bid\u00f3n Trupak"},"content":{"rendered":"<p>Bid\u00f3n de l\u00ednea nature de 500ml de capacidad. Fabricado con cuerpo de cristal y tap\u00f3n a rosca de bamb\u00fa, con pr\u00e1ctica asa de transporte trenzada en color natural. Incluye funda de corcho natural y viene presentado en caja individual de atractivo dise\u00f1o eco.<\/p>","protected":false},"excerpt":{"rendered":"<p>500 ml. Funda Corcho<\/p>","protected":false},"featured_media":72587,"comment_status":"open","ping_status":"open","template":"","meta":{"inline_featured_image":false},"product_brand":[],"product_cat":[122,97],"product_tag":[],"class_list":{"0":"post-38605","1":"product","2":"type-product","3":"status-publish","4":"has-post-thumbnail","6":"product_cat-articulos-sostenibles","7":"product_cat-tazas-jarras-y-termos","9":"first","10":"instock","11":"taxable","12":"shipping-taxable","13":"purchasable","14":"product-type-variable","15":"has-default-attributes"},"aioseo_notices":[],"_links":{"self":[{"href":"https:\/\/imprimeideas.es\/en\/wp-json\/wp\/v2\/product\/38605","targetHints":{"allow":["GET"]}}],"collection":[{"href":"https:\/\/imprimeideas.es\/en\/wp-json\/wp\/v2\/product"}],"about":[{"href":"https:\/\/imprimeideas.es\/en\/wp-json\/wp\/v2\/types\/product"}],"replies":[{"embeddable":true,"href":"https:\/\/imprimeideas.es\/en\/wp-json\/wp\/v2\/comments?post=38605"}],"version-history":[{"count":1,"href":"https:\/\/imprimeideas.es\/en\/wp-json\/wp\/v2\/product\/38605\/revisions"}],"predecessor-version":[{"id":60596,"href":"https:\/\/imprimeideas.es\/en\/wp-json\/wp\/v2\/product\/38605\/revisions\/60596"}],"wp:featuredmedia":[{"embeddable":true,"href":"https:\/\/imprimeideas.es\/en\/wp-json\/wp\/v2\/media\/72587"}],"wp:attachment":[{"href":"https:\/\/imprimeideas.es\/en\/wp-json\/wp\/v2\/media?parent=38605"}],"wp:term":[{"taxonomy":"product_brand","embeddable":true,"href":"https:\/\/imprimeideas.es\/en\/wp-json\/wp\/v2\/product_brand?post=38605"},{"taxonomy":"product_cat","embeddable":true,"href":"https:\/\/imprimeideas.es\/en\/wp-json\/wp\/v2\/product_cat?post=38605"},{"taxonomy":"product_tag","embeddable":true,"href":"https:\/\/imprimeideas.es\/en\/wp-json\/wp\/v2\/product_tag?post=38605"}],"curies":[{"name":"wp","href":"https:\/\/api.w.org\/{rel}","templated":true}]}}