{"id":38579,"date":"2026-02-24T11:16:45","date_gmt":"2026-02-24T10:16:45","guid":{"rendered":"https:\/\/imprimeideas.es\/?post_type=product&p=38579"},"modified":"2026-02-26T18:13:46","modified_gmt":"2026-02-26T17:13:46","slug":"taza-kirpal","status":"publish","type":"product","link":"https:\/\/imprimeideas.es\/en\/product\/taza-kirpal\/","title":{"rendered":"Taza Kirpal"},"content":{"rendered":"<p>Taza met\u00e1lica de 380ml de capacidad con dise\u00f1o vintage y acabado con imperfecciones para mayor sensaci\u00f3n retro. Disponible en variada gama de colores, con interior siempre en color blanco y elegante detalle en cromado. Presentada en caja individual.<\/p>","protected":false},"excerpt":{"rendered":"<p>380 ml<\/p>","protected":false},"featured_media":71627,"comment_status":"open","ping_status":"open","template":"","meta":{"inline_featured_image":false},"product_brand":[],"product_cat":[97],"product_tag":[],"class_list":{"0":"post-38579","1":"product","2":"type-product","3":"status-publish","4":"has-post-thumbnail","6":"product_cat-tazas-jarras-y-termos","8":"first","9":"instock","10":"taxable","11":"shipping-taxable","12":"purchasable","13":"product-type-variable","14":"has-default-attributes"},"aioseo_notices":[],"_links":{"self":[{"href":"https:\/\/imprimeideas.es\/en\/wp-json\/wp\/v2\/product\/38579","targetHints":{"allow":["GET"]}}],"collection":[{"href":"https:\/\/imprimeideas.es\/en\/wp-json\/wp\/v2\/product"}],"about":[{"href":"https:\/\/imprimeideas.es\/en\/wp-json\/wp\/v2\/types\/product"}],"replies":[{"embeddable":true,"href":"https:\/\/imprimeideas.es\/en\/wp-json\/wp\/v2\/comments?post=38579"}],"version-history":[{"count":1,"href":"https:\/\/imprimeideas.es\/en\/wp-json\/wp\/v2\/product\/38579\/revisions"}],"predecessor-version":[{"id":60594,"href":"https:\/\/imprimeideas.es\/en\/wp-json\/wp\/v2\/product\/38579\/revisions\/60594"}],"wp:featuredmedia":[{"embeddable":true,"href":"https:\/\/imprimeideas.es\/en\/wp-json\/wp\/v2\/media\/71627"}],"wp:attachment":[{"href":"https:\/\/imprimeideas.es\/en\/wp-json\/wp\/v2\/media?parent=38579"}],"wp:term":[{"taxonomy":"product_brand","embeddable":true,"href":"https:\/\/imprimeideas.es\/en\/wp-json\/wp\/v2\/product_brand?post=38579"},{"taxonomy":"product_cat","embeddable":true,"href":"https:\/\/imprimeideas.es\/en\/wp-json\/wp\/v2\/product_cat?post=38579"},{"taxonomy":"product_tag","embeddable":true,"href":"https:\/\/imprimeideas.es\/en\/wp-json\/wp\/v2\/product_tag?post=38579"}],"curies":[{"name":"wp","href":"https:\/\/api.w.org\/{rel}","templated":true}]}}