{"id":38573,"date":"2026-02-24T11:16:44","date_gmt":"2026-02-24T10:16:44","guid":{"rendered":"https:\/\/imprimeideas.es\/?post_type=product&p=38573"},"modified":"2026-02-26T18:19:29","modified_gmt":"2026-02-26T17:19:29","slug":"vaso-termico-blur","status":"publish","type":"product","link":"https:\/\/imprimeideas.es\/en\/product\/vaso-termico-blur\/","title":{"rendered":"Vaso T\u00e9rmico Blur"},"content":{"rendered":"<p>Vaso t\u00e9rmico fabricado en acero inoxidable, con doble capa y aislamiento de cobre al vac\u00edo, de 350ml de capacidad. Es ideal para tener en tu escritorio, mesa o en cualquier superficie donde disfrutar tranquilamente de tu bebida favorita. El mismo le permite mantener el calor y el frio durante un tiempo m\u00e1s prolongado, llegando a las 8 y 24 horas respectivamente. Incluye tapa con dosificador y abref\u00e1cil.<\/p>","protected":false},"excerpt":{"rendered":"<p>350 ml. Aislamiento de Cobre al Vac\u00edo<\/p>","protected":false},"featured_media":62667,"comment_status":"open","ping_status":"open","template":"","meta":{"inline_featured_image":false},"product_brand":[],"product_cat":[97],"product_tag":[],"class_list":{"0":"post-38573","1":"product","2":"type-product","3":"status-publish","4":"has-post-thumbnail","6":"product_cat-tazas-jarras-y-termos","8":"first","9":"instock","10":"taxable","11":"shipping-taxable","12":"purchasable","13":"product-type-variable","14":"has-default-attributes"},"aioseo_notices":[],"_links":{"self":[{"href":"https:\/\/imprimeideas.es\/en\/wp-json\/wp\/v2\/product\/38573","targetHints":{"allow":["GET"]}}],"collection":[{"href":"https:\/\/imprimeideas.es\/en\/wp-json\/wp\/v2\/product"}],"about":[{"href":"https:\/\/imprimeideas.es\/en\/wp-json\/wp\/v2\/types\/product"}],"replies":[{"embeddable":true,"href":"https:\/\/imprimeideas.es\/en\/wp-json\/wp\/v2\/comments?post=38573"}],"version-history":[{"count":1,"href":"https:\/\/imprimeideas.es\/en\/wp-json\/wp\/v2\/product\/38573\/revisions"}],"predecessor-version":[{"id":60593,"href":"https:\/\/imprimeideas.es\/en\/wp-json\/wp\/v2\/product\/38573\/revisions\/60593"}],"wp:featuredmedia":[{"embeddable":true,"href":"https:\/\/imprimeideas.es\/en\/wp-json\/wp\/v2\/media\/62667"}],"wp:attachment":[{"href":"https:\/\/imprimeideas.es\/en\/wp-json\/wp\/v2\/media?parent=38573"}],"wp:term":[{"taxonomy":"product_brand","embeddable":true,"href":"https:\/\/imprimeideas.es\/en\/wp-json\/wp\/v2\/product_brand?post=38573"},{"taxonomy":"product_cat","embeddable":true,"href":"https:\/\/imprimeideas.es\/en\/wp-json\/wp\/v2\/product_cat?post=38573"},{"taxonomy":"product_tag","embeddable":true,"href":"https:\/\/imprimeideas.es\/en\/wp-json\/wp\/v2\/product_tag?post=38573"}],"curies":[{"name":"wp","href":"https:\/\/api.w.org\/{rel}","templated":true}]}}