{"id":38566,"date":"2026-02-24T11:16:44","date_gmt":"2026-02-24T10:16:44","guid":{"rendered":"https:\/\/imprimeideas.es\/?post_type=product&p=38566"},"modified":"2026-02-26T18:42:39","modified_gmt":"2026-02-26T17:42:39","slug":"bidon-termico-staver","status":"publish","type":"product","link":"https:\/\/imprimeideas.es\/en\/product\/bidon-termico-staver\/","title":{"rendered":"Bid\u00f3n T\u00e9rmico Staver"},"content":{"rendered":"<p>Bid\u00f3n t\u00e9rmico de acero inox, con doble capa y aislamiento de cobre al vac\u00edo. El mismo le permite mantener el calor y el frio durante un tiempo m\u00e1s prolongado, llegando a las 12 y 48 horas respectivamente. De 650ml de capacidad, y disponible en variada gama de colores metalizados. Presentado en atractiva caja de dise\u00f1o.<\/p>","protected":false},"excerpt":{"rendered":"<p>650 ml. Aislamiento de Cobre al Vac\u00edo<\/p>","protected":false},"featured_media":76058,"comment_status":"open","ping_status":"open","template":"","meta":{"inline_featured_image":false},"product_brand":[],"product_cat":[97],"product_tag":[],"class_list":{"0":"post-38566","1":"product","2":"type-product","3":"status-publish","4":"has-post-thumbnail","6":"product_cat-tazas-jarras-y-termos","8":"first","9":"instock","10":"taxable","11":"shipping-taxable","12":"purchasable","13":"product-type-variable","14":"has-default-attributes"},"aioseo_notices":[],"_links":{"self":[{"href":"https:\/\/imprimeideas.es\/en\/wp-json\/wp\/v2\/product\/38566","targetHints":{"allow":["GET"]}}],"collection":[{"href":"https:\/\/imprimeideas.es\/en\/wp-json\/wp\/v2\/product"}],"about":[{"href":"https:\/\/imprimeideas.es\/en\/wp-json\/wp\/v2\/types\/product"}],"replies":[{"embeddable":true,"href":"https:\/\/imprimeideas.es\/en\/wp-json\/wp\/v2\/comments?post=38566"}],"version-history":[{"count":1,"href":"https:\/\/imprimeideas.es\/en\/wp-json\/wp\/v2\/product\/38566\/revisions"}],"predecessor-version":[{"id":60592,"href":"https:\/\/imprimeideas.es\/en\/wp-json\/wp\/v2\/product\/38566\/revisions\/60592"}],"wp:featuredmedia":[{"embeddable":true,"href":"https:\/\/imprimeideas.es\/en\/wp-json\/wp\/v2\/media\/76058"}],"wp:attachment":[{"href":"https:\/\/imprimeideas.es\/en\/wp-json\/wp\/v2\/media?parent=38566"}],"wp:term":[{"taxonomy":"product_brand","embeddable":true,"href":"https:\/\/imprimeideas.es\/en\/wp-json\/wp\/v2\/product_brand?post=38566"},{"taxonomy":"product_cat","embeddable":true,"href":"https:\/\/imprimeideas.es\/en\/wp-json\/wp\/v2\/product_cat?post=38566"},{"taxonomy":"product_tag","embeddable":true,"href":"https:\/\/imprimeideas.es\/en\/wp-json\/wp\/v2\/product_tag?post=38566"}],"curies":[{"name":"wp","href":"https:\/\/api.w.org\/{rel}","templated":true}]}}