{"id":38558,"date":"2026-02-24T11:16:43","date_gmt":"2026-02-24T10:16:43","guid":{"rendered":"https:\/\/imprimeideas.es\/?post_type=product&p=38558"},"modified":"2026-02-26T18:37:29","modified_gmt":"2026-02-26T17:37:29","slug":"bidon-termico-kungel","status":"publish","type":"product","link":"https:\/\/imprimeideas.es\/en\/product\/bidon-termico-kungel\/","title":{"rendered":"Bid\u00f3n T\u00e9rmico Kungel"},"content":{"rendered":"<p>Bid\u00f3n t\u00e9rmico de acero inox con doble capa de 500ml. Fabricado con doble capa y aislamiento de cobre al vac\u00edo, permitiendo mantener el calor y el fr\u00edo durante un tiempo prolongado, llegando a las 12 y 48 horas respectivamente. Con tap\u00f3n a rosca para un sellado perfecto. En acabado metalizado y disponible en amplia gama de colores. Presentado en atractiva caja de dise\u00f1o.<\/p>","protected":false},"excerpt":{"rendered":"<p>500 ml. Aislamiento de Cobre al Vac\u00edo<\/p>","protected":false},"featured_media":80326,"comment_status":"open","ping_status":"open","template":"","meta":{"inline_featured_image":false},"product_brand":[],"product_cat":[97],"product_tag":[],"class_list":{"0":"post-38558","1":"product","2":"type-product","3":"status-publish","4":"has-post-thumbnail","6":"product_cat-tazas-jarras-y-termos","8":"first","9":"instock","10":"taxable","11":"shipping-taxable","12":"purchasable","13":"product-type-variable","14":"has-default-attributes"},"aioseo_notices":[],"_links":{"self":[{"href":"https:\/\/imprimeideas.es\/en\/wp-json\/wp\/v2\/product\/38558","targetHints":{"allow":["GET"]}}],"collection":[{"href":"https:\/\/imprimeideas.es\/en\/wp-json\/wp\/v2\/product"}],"about":[{"href":"https:\/\/imprimeideas.es\/en\/wp-json\/wp\/v2\/types\/product"}],"replies":[{"embeddable":true,"href":"https:\/\/imprimeideas.es\/en\/wp-json\/wp\/v2\/comments?post=38558"}],"version-history":[{"count":1,"href":"https:\/\/imprimeideas.es\/en\/wp-json\/wp\/v2\/product\/38558\/revisions"}],"predecessor-version":[{"id":60591,"href":"https:\/\/imprimeideas.es\/en\/wp-json\/wp\/v2\/product\/38558\/revisions\/60591"}],"wp:featuredmedia":[{"embeddable":true,"href":"https:\/\/imprimeideas.es\/en\/wp-json\/wp\/v2\/media\/80326"}],"wp:attachment":[{"href":"https:\/\/imprimeideas.es\/en\/wp-json\/wp\/v2\/media?parent=38558"}],"wp:term":[{"taxonomy":"product_brand","embeddable":true,"href":"https:\/\/imprimeideas.es\/en\/wp-json\/wp\/v2\/product_brand?post=38558"},{"taxonomy":"product_cat","embeddable":true,"href":"https:\/\/imprimeideas.es\/en\/wp-json\/wp\/v2\/product_cat?post=38558"},{"taxonomy":"product_tag","embeddable":true,"href":"https:\/\/imprimeideas.es\/en\/wp-json\/wp\/v2\/product_tag?post=38558"}],"curies":[{"name":"wp","href":"https:\/\/api.w.org\/{rel}","templated":true}]}}