{"id":38548,"date":"2026-02-24T11:16:42","date_gmt":"2026-02-24T10:16:42","guid":{"rendered":"https:\/\/imprimeideas.es\/?post_type=product&p=38548"},"modified":"2026-02-26T18:19:23","modified_gmt":"2026-02-26T17:19:23","slug":"guante-tactil-despil","status":"publish","type":"product","link":"https:\/\/imprimeideas.es\/en\/product\/guante-tactil-despil\/","title":{"rendered":"Guante T\u00e1ctil Despil"},"content":{"rendered":"<p>Pr\u00e1ctico par de guantes de l\u00ednea nature para dispositivos con pantalla t\u00e1ctil. De c\u00e1lido y suave acabado poli\u00e9ster RPET, elaborado a partir de pl\u00e1stico reciclado para as\u00ed fomentar la reutilizaci\u00f3n de residuos pl\u00e1sticos y contribuir a la sostenibilidad del planeta. Funci\u00f3n t\u00e1ctil en dedos coraz\u00f3n, \u00edndice y pulgar. Talla \u00fanica adulto, con distintivo RPET en etiqueta exterior.<\/p>","protected":false},"excerpt":{"rendered":"<p>Talla \u00danica. Adulto<\/p>","protected":false},"featured_media":76018,"comment_status":"open","ping_status":"open","template":"","meta":{"inline_featured_image":false},"product_brand":[],"product_cat":[122,118],"product_tag":[],"class_list":{"0":"post-38548","1":"product","2":"type-product","3":"status-publish","4":"has-post-thumbnail","6":"product_cat-articulos-sostenibles","7":"product_cat-lluvia-y-frio","9":"first","10":"instock","11":"taxable","12":"shipping-taxable","13":"purchasable","14":"product-type-variable","15":"has-default-attributes"},"aioseo_notices":[],"_links":{"self":[{"href":"https:\/\/imprimeideas.es\/en\/wp-json\/wp\/v2\/product\/38548","targetHints":{"allow":["GET"]}}],"collection":[{"href":"https:\/\/imprimeideas.es\/en\/wp-json\/wp\/v2\/product"}],"about":[{"href":"https:\/\/imprimeideas.es\/en\/wp-json\/wp\/v2\/types\/product"}],"replies":[{"embeddable":true,"href":"https:\/\/imprimeideas.es\/en\/wp-json\/wp\/v2\/comments?post=38548"}],"version-history":[{"count":1,"href":"https:\/\/imprimeideas.es\/en\/wp-json\/wp\/v2\/product\/38548\/revisions"}],"predecessor-version":[{"id":60589,"href":"https:\/\/imprimeideas.es\/en\/wp-json\/wp\/v2\/product\/38548\/revisions\/60589"}],"wp:featuredmedia":[{"embeddable":true,"href":"https:\/\/imprimeideas.es\/en\/wp-json\/wp\/v2\/media\/76018"}],"wp:attachment":[{"href":"https:\/\/imprimeideas.es\/en\/wp-json\/wp\/v2\/media?parent=38548"}],"wp:term":[{"taxonomy":"product_brand","embeddable":true,"href":"https:\/\/imprimeideas.es\/en\/wp-json\/wp\/v2\/product_brand?post=38548"},{"taxonomy":"product_cat","embeddable":true,"href":"https:\/\/imprimeideas.es\/en\/wp-json\/wp\/v2\/product_cat?post=38548"},{"taxonomy":"product_tag","embeddable":true,"href":"https:\/\/imprimeideas.es\/en\/wp-json\/wp\/v2\/product_tag?post=38548"}],"curies":[{"name":"wp","href":"https:\/\/api.w.org\/{rel}","templated":true}]}}