{"id":38541,"date":"2026-02-24T11:16:41","date_gmt":"2026-02-24T10:16:41","guid":{"rendered":"https:\/\/imprimeideas.es\/?post_type=product&p=38541"},"modified":"2026-02-26T18:28:01","modified_gmt":"2026-02-26T17:28:01","slug":"gorro-hetul","status":"publish","type":"product","link":"https:\/\/imprimeideas.es\/en\/product\/gorro-hetul\/","title":{"rendered":"Gorro Hetul"},"content":{"rendered":"<p>Suave y c\u00e1lido gorro de punto de l\u00ednea nature y en poli\u00e9ster RPET, elaborado a partir de pl\u00e1stico reciclado para as\u00ed fomentar la reutilizaci\u00f3n de residuos pl\u00e1sticos y contribuir a la sostenibilidad del planeta. Con dobladillo en frontal y disponible en variada gama de colores. Distintivo RPET en etiqueta exterior.<\/p>","protected":false},"excerpt":{"rendered":"<p>Suave y c\u00e1lido gorro de punto de l\u00ednea nature y en poli\u00e9ster RPET, elaborado a partir de pl\u00e1stico reciclado para<\/p>","protected":false},"featured_media":75437,"comment_status":"open","ping_status":"open","template":"","meta":{"inline_featured_image":false},"product_brand":[],"product_cat":[122,112,118],"product_tag":[],"class_list":{"0":"post-38541","1":"product","2":"type-product","3":"status-publish","4":"has-post-thumbnail","6":"product_cat-articulos-sostenibles","7":"product_cat-gorras-y-sombreros","8":"product_cat-lluvia-y-frio","10":"first","11":"instock","12":"taxable","13":"shipping-taxable","14":"purchasable","15":"product-type-variable","16":"has-default-attributes"},"aioseo_notices":[],"_links":{"self":[{"href":"https:\/\/imprimeideas.es\/en\/wp-json\/wp\/v2\/product\/38541","targetHints":{"allow":["GET"]}}],"collection":[{"href":"https:\/\/imprimeideas.es\/en\/wp-json\/wp\/v2\/product"}],"about":[{"href":"https:\/\/imprimeideas.es\/en\/wp-json\/wp\/v2\/types\/product"}],"replies":[{"embeddable":true,"href":"https:\/\/imprimeideas.es\/en\/wp-json\/wp\/v2\/comments?post=38541"}],"version-history":[{"count":1,"href":"https:\/\/imprimeideas.es\/en\/wp-json\/wp\/v2\/product\/38541\/revisions"}],"predecessor-version":[{"id":60588,"href":"https:\/\/imprimeideas.es\/en\/wp-json\/wp\/v2\/product\/38541\/revisions\/60588"}],"wp:featuredmedia":[{"embeddable":true,"href":"https:\/\/imprimeideas.es\/en\/wp-json\/wp\/v2\/media\/75437"}],"wp:attachment":[{"href":"https:\/\/imprimeideas.es\/en\/wp-json\/wp\/v2\/media?parent=38541"}],"wp:term":[{"taxonomy":"product_brand","embeddable":true,"href":"https:\/\/imprimeideas.es\/en\/wp-json\/wp\/v2\/product_brand?post=38541"},{"taxonomy":"product_cat","embeddable":true,"href":"https:\/\/imprimeideas.es\/en\/wp-json\/wp\/v2\/product_cat?post=38541"},{"taxonomy":"product_tag","embeddable":true,"href":"https:\/\/imprimeideas.es\/en\/wp-json\/wp\/v2\/product_tag?post=38541"}],"curies":[{"name":"wp","href":"https:\/\/api.w.org\/{rel}","templated":true}]}}