{"id":38521,"date":"2026-02-24T11:16:40","date_gmt":"2026-02-24T10:16:40","guid":{"rendered":"https:\/\/imprimeideas.es\/?post_type=product&p=38521"},"modified":"2026-02-26T18:33:00","modified_gmt":"2026-02-26T17:33:00","slug":"funda-ordenador-portatil-hops","status":"publish","type":"product","link":"https:\/\/imprimeideas.es\/en\/product\/funda-ordenador-portatil-hops\/","title":{"rendered":"Funda Ordenador Port\u00e1til Hops"},"content":{"rendered":"<p>Funda para ordenador port\u00e1til de l\u00ednea nature y en resistente 600D RPET efecto melange, elaborado a partir de pl\u00e1stico reciclado para as\u00ed fomentar la reutilizaci\u00f3n de residuos pl\u00e1sticos y contribuir a la sostenibilidad del planeta. Detalles en negro y compartimento principal con cierre de cremallera. Interior totalmente acolchado y forrado, con distintivo RPET en etiqueta exterior.<\/p>","protected":false},"excerpt":{"rendered":"<p>Acolchada<\/p>","protected":false},"featured_media":65821,"comment_status":"open","ping_status":"open","template":"","meta":{"inline_featured_image":false},"product_brand":[],"product_cat":[122,96],"product_tag":[],"class_list":{"0":"post-38521","1":"product","2":"type-product","3":"status-publish","4":"has-post-thumbnail","6":"product_cat-articulos-sostenibles","7":"product_cat-oficina-y-negocios","9":"first","10":"instock","11":"taxable","12":"shipping-taxable","13":"purchasable","14":"product-type-variable","15":"has-default-attributes"},"aioseo_notices":[],"_links":{"self":[{"href":"https:\/\/imprimeideas.es\/en\/wp-json\/wp\/v2\/product\/38521","targetHints":{"allow":["GET"]}}],"collection":[{"href":"https:\/\/imprimeideas.es\/en\/wp-json\/wp\/v2\/product"}],"about":[{"href":"https:\/\/imprimeideas.es\/en\/wp-json\/wp\/v2\/types\/product"}],"replies":[{"embeddable":true,"href":"https:\/\/imprimeideas.es\/en\/wp-json\/wp\/v2\/comments?post=38521"}],"version-history":[{"count":1,"href":"https:\/\/imprimeideas.es\/en\/wp-json\/wp\/v2\/product\/38521\/revisions"}],"predecessor-version":[{"id":60583,"href":"https:\/\/imprimeideas.es\/en\/wp-json\/wp\/v2\/product\/38521\/revisions\/60583"}],"wp:featuredmedia":[{"embeddable":true,"href":"https:\/\/imprimeideas.es\/en\/wp-json\/wp\/v2\/media\/65821"}],"wp:attachment":[{"href":"https:\/\/imprimeideas.es\/en\/wp-json\/wp\/v2\/media?parent=38521"}],"wp:term":[{"taxonomy":"product_brand","embeddable":true,"href":"https:\/\/imprimeideas.es\/en\/wp-json\/wp\/v2\/product_brand?post=38521"},{"taxonomy":"product_cat","embeddable":true,"href":"https:\/\/imprimeideas.es\/en\/wp-json\/wp\/v2\/product_cat?post=38521"},{"taxonomy":"product_tag","embeddable":true,"href":"https:\/\/imprimeideas.es\/en\/wp-json\/wp\/v2\/product_tag?post=38521"}],"curies":[{"name":"wp","href":"https:\/\/api.w.org\/{rel}","templated":true}]}}