{"id":38516,"date":"2026-02-24T11:16:39","date_gmt":"2026-02-24T10:16:39","guid":{"rendered":"https:\/\/imprimeideas.es\/?post_type=product&p=38516"},"modified":"2026-02-26T18:08:23","modified_gmt":"2026-02-26T17:08:23","slug":"portadocumentos-divaz","status":"publish","type":"product","link":"https:\/\/imprimeideas.es\/en\/product\/portadocumentos-divaz\/","title":{"rendered":"Portadocumentos Divaz"},"content":{"rendered":"<p>Portadocumentos de l\u00ednea nature y en resistente 600D RPET efecto melange, elaborado a partir de pl\u00e1stico reciclado para as\u00ed fomentar la reutilizaci\u00f3n de residuos pl\u00e1sticos y contribuir a la sostenibilidad del planeta. Detalles en negro y compartimento principal con cierre de cremallera. Resistentes asas a juego y distintivo RPET en etiqueta exterior.<\/p>","protected":false},"excerpt":{"rendered":"<p>Portadocumentos de l\u00ednea nature y en resistente 600D RPET efecto melange, elaborado a partir de pl\u00e1stico reciclado para as\u00ed fomentar<\/p>","protected":false},"featured_media":75895,"comment_status":"open","ping_status":"open","template":"","meta":{"inline_featured_image":false},"product_brand":[],"product_cat":[122,96],"product_tag":[],"class_list":{"0":"post-38516","1":"product","2":"type-product","3":"status-publish","4":"has-post-thumbnail","6":"product_cat-articulos-sostenibles","7":"product_cat-oficina-y-negocios","9":"first","10":"instock","11":"taxable","12":"shipping-taxable","13":"purchasable","14":"product-type-variable","15":"has-default-attributes"},"aioseo_notices":[],"_links":{"self":[{"href":"https:\/\/imprimeideas.es\/en\/wp-json\/wp\/v2\/product\/38516","targetHints":{"allow":["GET"]}}],"collection":[{"href":"https:\/\/imprimeideas.es\/en\/wp-json\/wp\/v2\/product"}],"about":[{"href":"https:\/\/imprimeideas.es\/en\/wp-json\/wp\/v2\/types\/product"}],"replies":[{"embeddable":true,"href":"https:\/\/imprimeideas.es\/en\/wp-json\/wp\/v2\/comments?post=38516"}],"version-history":[{"count":1,"href":"https:\/\/imprimeideas.es\/en\/wp-json\/wp\/v2\/product\/38516\/revisions"}],"predecessor-version":[{"id":60582,"href":"https:\/\/imprimeideas.es\/en\/wp-json\/wp\/v2\/product\/38516\/revisions\/60582"}],"wp:featuredmedia":[{"embeddable":true,"href":"https:\/\/imprimeideas.es\/en\/wp-json\/wp\/v2\/media\/75895"}],"wp:attachment":[{"href":"https:\/\/imprimeideas.es\/en\/wp-json\/wp\/v2\/media?parent=38516"}],"wp:term":[{"taxonomy":"product_brand","embeddable":true,"href":"https:\/\/imprimeideas.es\/en\/wp-json\/wp\/v2\/product_brand?post=38516"},{"taxonomy":"product_cat","embeddable":true,"href":"https:\/\/imprimeideas.es\/en\/wp-json\/wp\/v2\/product_cat?post=38516"},{"taxonomy":"product_tag","embeddable":true,"href":"https:\/\/imprimeideas.es\/en\/wp-json\/wp\/v2\/product_tag?post=38516"}],"curies":[{"name":"wp","href":"https:\/\/api.w.org\/{rel}","templated":true}]}}