{"id":38514,"date":"2026-02-24T11:16:39","date_gmt":"2026-02-24T10:16:39","guid":{"rendered":"https:\/\/imprimeideas.es\/?post_type=product&p=38514"},"modified":"2026-02-26T18:23:13","modified_gmt":"2026-02-26T17:23:13","slug":"portadocumentos-pirok","status":"publish","type":"product","link":"https:\/\/imprimeideas.es\/en\/product\/portadocumentos-pirok\/","title":{"rendered":"Portadocumentos Pirok"},"content":{"rendered":"<p>Elegante portadocumentos de l\u00ednea nature en resistente 600D RPET efecto melange, elaborado a partir de pl\u00e1stico reciclado para as\u00ed fomentar la reutilizaci\u00f3n de residuos pl\u00e1sticos y contribuir a la sostenibilidad del planeta. Detalles en negro, incluye compartimentos interiores acolchados para ordenador de hasta 15 pulgadas y tablet de hasta 10 pulgadas. Accesorio en parte posterior para anclaje al trolley, bolsillo exterior con cierre de cremallera, c\u00f3modas asas reforzadas, cinta bandolera ajustable con cierre de mosquet\u00f3n y almohadilla para hombro a juego. Distintivo RPET en etiqueta exterior.<\/p>","protected":false},"excerpt":{"rendered":"<p>Bolsillo Acolchado para Port\u00e1til y Tablet<\/p>","protected":false},"featured_media":86018,"comment_status":"open","ping_status":"open","template":"","meta":{"inline_featured_image":false},"product_brand":[],"product_cat":[122,96],"product_tag":[],"class_list":{"0":"post-38514","1":"product","2":"type-product","3":"status-publish","4":"has-post-thumbnail","6":"product_cat-articulos-sostenibles","7":"product_cat-oficina-y-negocios","9":"first","10":"instock","11":"taxable","12":"shipping-taxable","13":"purchasable","14":"product-type-variable","15":"has-default-attributes"},"aioseo_notices":[],"_links":{"self":[{"href":"https:\/\/imprimeideas.es\/en\/wp-json\/wp\/v2\/product\/38514","targetHints":{"allow":["GET"]}}],"collection":[{"href":"https:\/\/imprimeideas.es\/en\/wp-json\/wp\/v2\/product"}],"about":[{"href":"https:\/\/imprimeideas.es\/en\/wp-json\/wp\/v2\/types\/product"}],"replies":[{"embeddable":true,"href":"https:\/\/imprimeideas.es\/en\/wp-json\/wp\/v2\/comments?post=38514"}],"version-history":[{"count":1,"href":"https:\/\/imprimeideas.es\/en\/wp-json\/wp\/v2\/product\/38514\/revisions"}],"predecessor-version":[{"id":60581,"href":"https:\/\/imprimeideas.es\/en\/wp-json\/wp\/v2\/product\/38514\/revisions\/60581"}],"wp:featuredmedia":[{"embeddable":true,"href":"https:\/\/imprimeideas.es\/en\/wp-json\/wp\/v2\/media\/86018"}],"wp:attachment":[{"href":"https:\/\/imprimeideas.es\/en\/wp-json\/wp\/v2\/media?parent=38514"}],"wp:term":[{"taxonomy":"product_brand","embeddable":true,"href":"https:\/\/imprimeideas.es\/en\/wp-json\/wp\/v2\/product_brand?post=38514"},{"taxonomy":"product_cat","embeddable":true,"href":"https:\/\/imprimeideas.es\/en\/wp-json\/wp\/v2\/product_cat?post=38514"},{"taxonomy":"product_tag","embeddable":true,"href":"https:\/\/imprimeideas.es\/en\/wp-json\/wp\/v2\/product_tag?post=38514"}],"curies":[{"name":"wp","href":"https:\/\/api.w.org\/{rel}","templated":true}]}}