{"id":38510,"date":"2026-02-24T11:16:38","date_gmt":"2026-02-24T10:16:38","guid":{"rendered":"https:\/\/imprimeideas.es\/?post_type=product&p=38510"},"modified":"2026-02-26T18:42:33","modified_gmt":"2026-02-26T17:42:33","slug":"carpeta-sorgax","status":"publish","type":"product","link":"https:\/\/imprimeideas.es\/en\/product\/carpeta-sorgax\/","title":{"rendered":"Carpeta Sorgax"},"content":{"rendered":"<p>Elegante carpeta de l\u00ednea nature tama\u00f1o A4. Fabricada en resistente 600D RPET efecto melange, elaborado a partir de pl\u00e1stico reciclado para as\u00ed fomentar la reutilizaci\u00f3n de residuos pl\u00e1sticos y contribuir a la sostenibilidad del planeta. Detalles en negro y cierre met\u00e1lico con cinta el\u00e1stica especialmente dise\u00f1ado para marcaje en l\u00e1ser. Interior con bloc extra\u00edble de 20 hojas con disposici\u00f3n a una raya, 3 bolsillos de solapa, tarjeteros y soporte para bol\u00edgrafo. Distintivo RPET en esquina.<\/p>","protected":false},"excerpt":{"rendered":"<p>Bloc 20 Hojas<\/p>","protected":false},"featured_media":82894,"comment_status":"open","ping_status":"open","template":"","meta":{"inline_featured_image":false},"product_brand":[],"product_cat":[122,96],"product_tag":[],"class_list":{"0":"post-38510","1":"product","2":"type-product","3":"status-publish","4":"has-post-thumbnail","6":"product_cat-articulos-sostenibles","7":"product_cat-oficina-y-negocios","9":"first","10":"instock","11":"taxable","12":"shipping-taxable","13":"purchasable","14":"product-type-variable","15":"has-default-attributes"},"aioseo_notices":[],"_links":{"self":[{"href":"https:\/\/imprimeideas.es\/en\/wp-json\/wp\/v2\/product\/38510","targetHints":{"allow":["GET"]}}],"collection":[{"href":"https:\/\/imprimeideas.es\/en\/wp-json\/wp\/v2\/product"}],"about":[{"href":"https:\/\/imprimeideas.es\/en\/wp-json\/wp\/v2\/types\/product"}],"replies":[{"embeddable":true,"href":"https:\/\/imprimeideas.es\/en\/wp-json\/wp\/v2\/comments?post=38510"}],"version-history":[{"count":1,"href":"https:\/\/imprimeideas.es\/en\/wp-json\/wp\/v2\/product\/38510\/revisions"}],"predecessor-version":[{"id":60580,"href":"https:\/\/imprimeideas.es\/en\/wp-json\/wp\/v2\/product\/38510\/revisions\/60580"}],"wp:featuredmedia":[{"embeddable":true,"href":"https:\/\/imprimeideas.es\/en\/wp-json\/wp\/v2\/media\/82894"}],"wp:attachment":[{"href":"https:\/\/imprimeideas.es\/en\/wp-json\/wp\/v2\/media?parent=38510"}],"wp:term":[{"taxonomy":"product_brand","embeddable":true,"href":"https:\/\/imprimeideas.es\/en\/wp-json\/wp\/v2\/product_brand?post=38510"},{"taxonomy":"product_cat","embeddable":true,"href":"https:\/\/imprimeideas.es\/en\/wp-json\/wp\/v2\/product_cat?post=38510"},{"taxonomy":"product_tag","embeddable":true,"href":"https:\/\/imprimeideas.es\/en\/wp-json\/wp\/v2\/product_tag?post=38510"}],"curies":[{"name":"wp","href":"https:\/\/api.w.org\/{rel}","templated":true}]}}