{"id":38434,"date":"2026-02-24T11:16:32","date_gmt":"2026-02-24T10:16:32","guid":{"rendered":"https:\/\/imprimeideas.es\/?post_type=product&p=38434"},"modified":"2026-02-26T18:33:03","modified_gmt":"2026-02-26T17:33:03","slug":"neceser-tays","status":"publish","type":"product","link":"https:\/\/imprimeideas.es\/en\/product\/neceser-tays\/","title":{"rendered":"Neceser Tays"},"content":{"rendered":"<p>Neceser de l\u00ednea nature en combinaci\u00f3n de yute laminado y algod\u00f3n natural. Con cierre de cremallera y tirador en yute a juego.<\/p>","protected":false},"excerpt":{"rendered":"<p>Neceser de l\u00ednea nature en combinaci\u00f3n de yute laminado y algod\u00f3n natural. Con cierre de cremallera y tirador en yute<\/p>","protected":false},"featured_media":76308,"comment_status":"open","ping_status":"open","template":"","meta":{"inline_featured_image":false},"product_brand":[],"product_cat":[122,107,119,114],"product_tag":[],"class_list":{"0":"post-38434","1":"product","2":"type-product","3":"status-publish","4":"has-post-thumbnail","6":"product_cat-articulos-sostenibles","7":"product_cat-cuidado-personal-y-pharma","8":"product_cat-mujer","9":"product_cat-verano-y-playa","11":"first","12":"outofstock","13":"taxable","14":"shipping-taxable","15":"purchasable","16":"product-type-variable","17":"has-default-attributes"},"aioseo_notices":[],"_links":{"self":[{"href":"https:\/\/imprimeideas.es\/en\/wp-json\/wp\/v2\/product\/38434","targetHints":{"allow":["GET"]}}],"collection":[{"href":"https:\/\/imprimeideas.es\/en\/wp-json\/wp\/v2\/product"}],"about":[{"href":"https:\/\/imprimeideas.es\/en\/wp-json\/wp\/v2\/types\/product"}],"replies":[{"embeddable":true,"href":"https:\/\/imprimeideas.es\/en\/wp-json\/wp\/v2\/comments?post=38434"}],"version-history":[{"count":1,"href":"https:\/\/imprimeideas.es\/en\/wp-json\/wp\/v2\/product\/38434\/revisions"}],"predecessor-version":[{"id":60565,"href":"https:\/\/imprimeideas.es\/en\/wp-json\/wp\/v2\/product\/38434\/revisions\/60565"}],"wp:featuredmedia":[{"embeddable":true,"href":"https:\/\/imprimeideas.es\/en\/wp-json\/wp\/v2\/media\/76308"}],"wp:attachment":[{"href":"https:\/\/imprimeideas.es\/en\/wp-json\/wp\/v2\/media?parent=38434"}],"wp:term":[{"taxonomy":"product_brand","embeddable":true,"href":"https:\/\/imprimeideas.es\/en\/wp-json\/wp\/v2\/product_brand?post=38434"},{"taxonomy":"product_cat","embeddable":true,"href":"https:\/\/imprimeideas.es\/en\/wp-json\/wp\/v2\/product_cat?post=38434"},{"taxonomy":"product_tag","embeddable":true,"href":"https:\/\/imprimeideas.es\/en\/wp-json\/wp\/v2\/product_tag?post=38434"}],"curies":[{"name":"wp","href":"https:\/\/api.w.org\/{rel}","templated":true}]}}