{"id":38419,"date":"2026-02-24T11:16:30","date_gmt":"2026-02-24T10:16:30","guid":{"rendered":"https:\/\/imprimeideas.es\/?post_type=product&p=38419"},"modified":"2026-02-26T18:33:06","modified_gmt":"2026-02-26T17:33:06","slug":"petate-lopso","status":"publish","type":"product","link":"https:\/\/imprimeideas.es\/en\/product\/petate-lopso\/","title":{"rendered":"Petate Lopso"},"content":{"rendered":"<p>Petate multiusos de l\u00ednea nature y dise\u00f1o bicolor. Fabricado en yute, con detalles en algod\u00f3n. Con cinta ajustable y bolsillo interior. Compartimento principal con argollas met\u00e1licas reforzadas y bolsillo frontal para f\u00e1cil marcaje.<\/p>","protected":false},"excerpt":{"rendered":"<p>Petate multiusos de l\u00ednea nature y dise\u00f1o bicolor. Fabricado en yute, con detalles en algod\u00f3n. Con cinta ajustable y bolsillo<\/p>","protected":false},"featured_media":79494,"comment_status":"open","ping_status":"open","template":"","meta":{"inline_featured_image":false},"product_brand":[],"product_cat":[122,94,114],"product_tag":[],"class_list":{"0":"post-38419","1":"product","2":"type-product","3":"status-publish","4":"has-post-thumbnail","6":"product_cat-articulos-sostenibles","7":"product_cat-mochilas","8":"product_cat-verano-y-playa","10":"first","11":"instock","12":"taxable","13":"shipping-taxable","14":"purchasable","15":"product-type-variable","16":"has-default-attributes"},"aioseo_notices":[],"_links":{"self":[{"href":"https:\/\/imprimeideas.es\/en\/wp-json\/wp\/v2\/product\/38419","targetHints":{"allow":["GET"]}}],"collection":[{"href":"https:\/\/imprimeideas.es\/en\/wp-json\/wp\/v2\/product"}],"about":[{"href":"https:\/\/imprimeideas.es\/en\/wp-json\/wp\/v2\/types\/product"}],"replies":[{"embeddable":true,"href":"https:\/\/imprimeideas.es\/en\/wp-json\/wp\/v2\/comments?post=38419"}],"version-history":[{"count":1,"href":"https:\/\/imprimeideas.es\/en\/wp-json\/wp\/v2\/product\/38419\/revisions"}],"predecessor-version":[{"id":60558,"href":"https:\/\/imprimeideas.es\/en\/wp-json\/wp\/v2\/product\/38419\/revisions\/60558"}],"wp:featuredmedia":[{"embeddable":true,"href":"https:\/\/imprimeideas.es\/en\/wp-json\/wp\/v2\/media\/79494"}],"wp:attachment":[{"href":"https:\/\/imprimeideas.es\/en\/wp-json\/wp\/v2\/media?parent=38419"}],"wp:term":[{"taxonomy":"product_brand","embeddable":true,"href":"https:\/\/imprimeideas.es\/en\/wp-json\/wp\/v2\/product_brand?post=38419"},{"taxonomy":"product_cat","embeddable":true,"href":"https:\/\/imprimeideas.es\/en\/wp-json\/wp\/v2\/product_cat?post=38419"},{"taxonomy":"product_tag","embeddable":true,"href":"https:\/\/imprimeideas.es\/en\/wp-json\/wp\/v2\/product_tag?post=38419"}],"curies":[{"name":"wp","href":"https:\/\/api.w.org\/{rel}","templated":true}]}}