{"id":38386,"date":"2026-02-24T11:16:28","date_gmt":"2026-02-24T10:16:28","guid":{"rendered":"https:\/\/imprimeideas.es\/?post_type=product&p=38386"},"modified":"2026-02-26T18:19:42","modified_gmt":"2026-02-26T17:19:42","slug":"auriculares-tresan","status":"publish","type":"product","link":"https:\/\/imprimeideas.es\/en\/product\/auriculares-tresan\/","title":{"rendered":"Auriculares Tresan"},"content":{"rendered":"<p>Auriculares intraurales de l\u00ednea nature, con conexi\u00f3n Bluetooth 5.0 y bater\u00eda de litio. En elegante acabado de color blanco y presentados en estuche cargador de bamb\u00fa. De dise\u00f1o ergon\u00f3mico, incluyen bot\u00f3n de control t\u00e1ctil integrado en el auricular, con base de carga a juego y luz LED de estado de carga. Funci\u00f3n manos libres y recargables, con cable micro USB incluido. Presentados en atractiva caja de dise\u00f1o eco.<\/p>","protected":false},"excerpt":{"rendered":"<p>Conexi\u00f3n Bluetooth. Bater\u00eda 35 mAh\/ Base Carga 400 mAh<\/p>","protected":false},"featured_media":80460,"comment_status":"open","ping_status":"open","template":"","meta":{"inline_featured_image":false},"product_brand":[],"product_cat":[122,95],"product_tag":[],"class_list":{"0":"post-38386","1":"product","2":"type-product","3":"status-publish","4":"has-post-thumbnail","6":"product_cat-articulos-sostenibles","7":"product_cat-tecnologia-y-accesorios","9":"first","10":"instock","11":"taxable","12":"shipping-taxable","13":"purchasable","14":"product-type-variable","15":"has-default-attributes"},"aioseo_notices":[],"_links":{"self":[{"href":"https:\/\/imprimeideas.es\/en\/wp-json\/wp\/v2\/product\/38386","targetHints":{"allow":["GET"]}}],"collection":[{"href":"https:\/\/imprimeideas.es\/en\/wp-json\/wp\/v2\/product"}],"about":[{"href":"https:\/\/imprimeideas.es\/en\/wp-json\/wp\/v2\/types\/product"}],"replies":[{"embeddable":true,"href":"https:\/\/imprimeideas.es\/en\/wp-json\/wp\/v2\/comments?post=38386"}],"version-history":[{"count":1,"href":"https:\/\/imprimeideas.es\/en\/wp-json\/wp\/v2\/product\/38386\/revisions"}],"predecessor-version":[{"id":60549,"href":"https:\/\/imprimeideas.es\/en\/wp-json\/wp\/v2\/product\/38386\/revisions\/60549"}],"wp:featuredmedia":[{"embeddable":true,"href":"https:\/\/imprimeideas.es\/en\/wp-json\/wp\/v2\/media\/80460"}],"wp:attachment":[{"href":"https:\/\/imprimeideas.es\/en\/wp-json\/wp\/v2\/media?parent=38386"}],"wp:term":[{"taxonomy":"product_brand","embeddable":true,"href":"https:\/\/imprimeideas.es\/en\/wp-json\/wp\/v2\/product_brand?post=38386"},{"taxonomy":"product_cat","embeddable":true,"href":"https:\/\/imprimeideas.es\/en\/wp-json\/wp\/v2\/product_cat?post=38386"},{"taxonomy":"product_tag","embeddable":true,"href":"https:\/\/imprimeideas.es\/en\/wp-json\/wp\/v2\/product_tag?post=38386"}],"curies":[{"name":"wp","href":"https:\/\/api.w.org\/{rel}","templated":true}]}}