{"id":38382,"date":"2026-02-24T11:16:27","date_gmt":"2026-02-24T10:16:27","guid":{"rendered":"https:\/\/imprimeideas.es\/?post_type=product&p=38382"},"modified":"2026-02-26T18:28:01","modified_gmt":"2026-02-26T17:28:01","slug":"estacion-meteorologica-behox","status":"publish","type":"product","link":"https:\/\/imprimeideas.es\/en\/product\/estacion-meteorologica-behox\/","title":{"rendered":"Estaci\u00f3n Meteorol\u00f3gica Behox"},"content":{"rendered":"<p>Estaci\u00f3n meteorol\u00f3gica de l\u00ednea nature con frontal en bamb\u00fa. Con sensor de temperatura y humedad. Funci\u00f3n calendario y alarma. Soporte trasero abatible y ajustable, con posibilidad de instalaci\u00f3n en la pared. Alimentaci\u00f3n a pilas (2xAAA no incluidas) y presentado en atractiva caja de dise\u00f1o eco. Disponible manual de instrucciones en espa\u00f1ol e ingl\u00e9s.<\/p>","protected":false},"excerpt":{"rendered":"<p>2 Pilas AAA No Incluidas<\/p>","protected":false},"featured_media":62293,"comment_status":"open","ping_status":"open","template":"","meta":{"inline_featured_image":false},"product_brand":[],"product_cat":[111,122,104,95],"product_tag":[],"class_list":{"0":"post-38382","1":"product","2":"type-product","3":"status-publish","4":"has-post-thumbnail","6":"product_cat-agricultura","7":"product_cat-articulos-sostenibles","8":"product_cat-hogar-y-decoracion","9":"product_cat-tecnologia-y-accesorios","11":"first","12":"instock","13":"taxable","14":"shipping-taxable","15":"purchasable","16":"product-type-variable","17":"has-default-attributes"},"aioseo_notices":[],"_links":{"self":[{"href":"https:\/\/imprimeideas.es\/en\/wp-json\/wp\/v2\/product\/38382","targetHints":{"allow":["GET"]}}],"collection":[{"href":"https:\/\/imprimeideas.es\/en\/wp-json\/wp\/v2\/product"}],"about":[{"href":"https:\/\/imprimeideas.es\/en\/wp-json\/wp\/v2\/types\/product"}],"replies":[{"embeddable":true,"href":"https:\/\/imprimeideas.es\/en\/wp-json\/wp\/v2\/comments?post=38382"}],"version-history":[{"count":1,"href":"https:\/\/imprimeideas.es\/en\/wp-json\/wp\/v2\/product\/38382\/revisions"}],"predecessor-version":[{"id":60547,"href":"https:\/\/imprimeideas.es\/en\/wp-json\/wp\/v2\/product\/38382\/revisions\/60547"}],"wp:featuredmedia":[{"embeddable":true,"href":"https:\/\/imprimeideas.es\/en\/wp-json\/wp\/v2\/media\/62293"}],"wp:attachment":[{"href":"https:\/\/imprimeideas.es\/en\/wp-json\/wp\/v2\/media?parent=38382"}],"wp:term":[{"taxonomy":"product_brand","embeddable":true,"href":"https:\/\/imprimeideas.es\/en\/wp-json\/wp\/v2\/product_brand?post=38382"},{"taxonomy":"product_cat","embeddable":true,"href":"https:\/\/imprimeideas.es\/en\/wp-json\/wp\/v2\/product_cat?post=38382"},{"taxonomy":"product_tag","embeddable":true,"href":"https:\/\/imprimeideas.es\/en\/wp-json\/wp\/v2\/product_tag?post=38382"}],"curies":[{"name":"wp","href":"https:\/\/api.w.org\/{rel}","templated":true}]}}