{"id":38373,"date":"2026-02-24T11:16:27","date_gmt":"2026-02-24T10:16:27","guid":{"rendered":"https:\/\/imprimeideas.es\/?post_type=product&p=38373"},"modified":"2026-02-26T18:03:13","modified_gmt":"2026-02-26T17:03:13","slug":"tabla-saraby","status":"publish","type":"product","link":"https:\/\/imprimeideas.es\/en\/product\/tabla-saraby\/","title":{"rendered":"Tabla Saraby"},"content":{"rendered":"<p>Tabla fabricada en bamb\u00fa, de suave y resistente acabado pulido. Ideal para corte y presentaci\u00f3n. Con asa para f\u00e1cil manejo y cord\u00f3n para colgar en s\u00edmil piel.<\/p>","protected":false},"excerpt":{"rendered":"<p>Tabla fabricada en bamb\u00fa, de suave y resistente acabado pulido. Ideal para corte y presentaci\u00f3n. Con asa para f\u00e1cil manejo<\/p>","protected":false},"featured_media":79743,"comment_status":"open","ping_status":"open","template":"","meta":{"inline_featured_image":false},"product_brand":[],"product_cat":[122,104,105],"product_tag":[],"class_list":{"0":"post-38373","1":"product","2":"type-product","3":"status-publish","4":"has-post-thumbnail","6":"product_cat-articulos-sostenibles","7":"product_cat-hogar-y-decoracion","8":"product_cat-vino-accesorios-de-bebida-y-hosteleria","10":"first","11":"instock","12":"taxable","13":"shipping-taxable","14":"purchasable","15":"product-type-variable","16":"has-default-attributes"},"aioseo_notices":[],"_links":{"self":[{"href":"https:\/\/imprimeideas.es\/en\/wp-json\/wp\/v2\/product\/38373","targetHints":{"allow":["GET"]}}],"collection":[{"href":"https:\/\/imprimeideas.es\/en\/wp-json\/wp\/v2\/product"}],"about":[{"href":"https:\/\/imprimeideas.es\/en\/wp-json\/wp\/v2\/types\/product"}],"replies":[{"embeddable":true,"href":"https:\/\/imprimeideas.es\/en\/wp-json\/wp\/v2\/comments?post=38373"}],"version-history":[{"count":1,"href":"https:\/\/imprimeideas.es\/en\/wp-json\/wp\/v2\/product\/38373\/revisions"}],"predecessor-version":[{"id":60543,"href":"https:\/\/imprimeideas.es\/en\/wp-json\/wp\/v2\/product\/38373\/revisions\/60543"}],"wp:featuredmedia":[{"embeddable":true,"href":"https:\/\/imprimeideas.es\/en\/wp-json\/wp\/v2\/media\/79743"}],"wp:attachment":[{"href":"https:\/\/imprimeideas.es\/en\/wp-json\/wp\/v2\/media?parent=38373"}],"wp:term":[{"taxonomy":"product_brand","embeddable":true,"href":"https:\/\/imprimeideas.es\/en\/wp-json\/wp\/v2\/product_brand?post=38373"},{"taxonomy":"product_cat","embeddable":true,"href":"https:\/\/imprimeideas.es\/en\/wp-json\/wp\/v2\/product_cat?post=38373"},{"taxonomy":"product_tag","embeddable":true,"href":"https:\/\/imprimeideas.es\/en\/wp-json\/wp\/v2\/product_tag?post=38373"}],"curies":[{"name":"wp","href":"https:\/\/api.w.org\/{rel}","templated":true}]}}