{"id":38369,"date":"2026-02-24T11:16:26","date_gmt":"2026-02-24T10:16:26","guid":{"rendered":"https:\/\/imprimeideas.es\/?post_type=product&p=38369"},"modified":"2026-02-26T18:42:35","modified_gmt":"2026-02-26T17:42:35","slug":"fiambrera-bejar","status":"publish","type":"product","link":"https:\/\/imprimeideas.es\/en\/product\/fiambrera-bejar\/","title":{"rendered":"Fiambrera Bejar"},"content":{"rendered":"<p>Fiambrera de l\u00ednea nature de 700 ml de capacidad. Fabricada en cristal, con tapa herm\u00e9tica de bamb\u00fa pulido, con banda de goma para evitar derrames y rebaje para usarla como bandeja. Incluye cinta de seguridad con tenedor, cuchara y cuchillo. Presentada en atractiva caja individual de dise\u00f1o eco.<\/p>","protected":false},"excerpt":{"rendered":"<p>700 ml<\/p>","protected":false},"featured_media":67949,"comment_status":"open","ping_status":"open","template":"","meta":{"inline_featured_image":false},"product_brand":[],"product_cat":[122,98],"product_tag":[],"class_list":{"0":"post-38369","1":"product","2":"type-product","3":"status-publish","4":"has-post-thumbnail","6":"product_cat-articulos-sostenibles","7":"product_cat-take-away","9":"first","10":"instock","11":"taxable","12":"shipping-taxable","13":"purchasable","14":"product-type-variable","15":"has-default-attributes"},"aioseo_notices":[],"_links":{"self":[{"href":"https:\/\/imprimeideas.es\/en\/wp-json\/wp\/v2\/product\/38369","targetHints":{"allow":["GET"]}}],"collection":[{"href":"https:\/\/imprimeideas.es\/en\/wp-json\/wp\/v2\/product"}],"about":[{"href":"https:\/\/imprimeideas.es\/en\/wp-json\/wp\/v2\/types\/product"}],"replies":[{"embeddable":true,"href":"https:\/\/imprimeideas.es\/en\/wp-json\/wp\/v2\/comments?post=38369"}],"version-history":[{"count":1,"href":"https:\/\/imprimeideas.es\/en\/wp-json\/wp\/v2\/product\/38369\/revisions"}],"predecessor-version":[{"id":60541,"href":"https:\/\/imprimeideas.es\/en\/wp-json\/wp\/v2\/product\/38369\/revisions\/60541"}],"wp:featuredmedia":[{"embeddable":true,"href":"https:\/\/imprimeideas.es\/en\/wp-json\/wp\/v2\/media\/67949"}],"wp:attachment":[{"href":"https:\/\/imprimeideas.es\/en\/wp-json\/wp\/v2\/media?parent=38369"}],"wp:term":[{"taxonomy":"product_brand","embeddable":true,"href":"https:\/\/imprimeideas.es\/en\/wp-json\/wp\/v2\/product_brand?post=38369"},{"taxonomy":"product_cat","embeddable":true,"href":"https:\/\/imprimeideas.es\/en\/wp-json\/wp\/v2\/product_cat?post=38369"},{"taxonomy":"product_tag","embeddable":true,"href":"https:\/\/imprimeideas.es\/en\/wp-json\/wp\/v2\/product_tag?post=38369"}],"curies":[{"name":"wp","href":"https:\/\/api.w.org\/{rel}","templated":true}]}}