{"id":38367,"date":"2026-02-24T11:16:26","date_gmt":"2026-02-24T10:16:26","guid":{"rendered":"https:\/\/imprimeideas.es\/?post_type=product&p=38367"},"modified":"2026-02-26T18:33:04","modified_gmt":"2026-02-26T17:33:04","slug":"soporte-protok","status":"publish","type":"product","link":"https:\/\/imprimeideas.es\/en\/product\/soporte-protok\/","title":{"rendered":"Soporte Protok"},"content":{"rendered":"<p>Soporte de l\u00ednea nature fabricado en bamb\u00fa procedente de cortes naturales. Muy f\u00e1cil de montar, con ranura para cargar el dispositivo mientras se se encuentra situado en la base.<\/p>","protected":false},"excerpt":{"rendered":"<p>Soporte de l\u00ednea nature fabricado en bamb\u00fa procedente de cortes naturales. Muy f\u00e1cil de montar, con ranura para cargar el<\/p>","protected":false},"featured_media":73765,"comment_status":"open","ping_status":"open","template":"","meta":{"inline_featured_image":false},"product_brand":[],"product_cat":[122,96,95],"product_tag":[],"class_list":{"0":"post-38367","1":"product","2":"type-product","3":"status-publish","4":"has-post-thumbnail","6":"product_cat-articulos-sostenibles","7":"product_cat-oficina-y-negocios","8":"product_cat-tecnologia-y-accesorios","10":"first","11":"instock","12":"taxable","13":"shipping-taxable","14":"purchasable","15":"product-type-variable","16":"has-default-attributes"},"aioseo_notices":[],"_links":{"self":[{"href":"https:\/\/imprimeideas.es\/en\/wp-json\/wp\/v2\/product\/38367","targetHints":{"allow":["GET"]}}],"collection":[{"href":"https:\/\/imprimeideas.es\/en\/wp-json\/wp\/v2\/product"}],"about":[{"href":"https:\/\/imprimeideas.es\/en\/wp-json\/wp\/v2\/types\/product"}],"replies":[{"embeddable":true,"href":"https:\/\/imprimeideas.es\/en\/wp-json\/wp\/v2\/comments?post=38367"}],"version-history":[{"count":1,"href":"https:\/\/imprimeideas.es\/en\/wp-json\/wp\/v2\/product\/38367\/revisions"}],"predecessor-version":[{"id":60540,"href":"https:\/\/imprimeideas.es\/en\/wp-json\/wp\/v2\/product\/38367\/revisions\/60540"}],"wp:featuredmedia":[{"embeddable":true,"href":"https:\/\/imprimeideas.es\/en\/wp-json\/wp\/v2\/media\/73765"}],"wp:attachment":[{"href":"https:\/\/imprimeideas.es\/en\/wp-json\/wp\/v2\/media?parent=38367"}],"wp:term":[{"taxonomy":"product_brand","embeddable":true,"href":"https:\/\/imprimeideas.es\/en\/wp-json\/wp\/v2\/product_brand?post=38367"},{"taxonomy":"product_cat","embeddable":true,"href":"https:\/\/imprimeideas.es\/en\/wp-json\/wp\/v2\/product_cat?post=38367"},{"taxonomy":"product_tag","embeddable":true,"href":"https:\/\/imprimeideas.es\/en\/wp-json\/wp\/v2\/product_tag?post=38367"}],"curies":[{"name":"wp","href":"https:\/\/api.w.org\/{rel}","templated":true}]}}