{"id":38362,"date":"2026-02-24T11:16:26","date_gmt":"2026-02-24T10:16:26","guid":{"rendered":"https:\/\/imprimeideas.es\/?post_type=product&p=38362"},"modified":"2026-02-26T18:08:19","modified_gmt":"2026-02-26T17:08:19","slug":"soporte-delim","status":"publish","type":"product","link":"https:\/\/imprimeideas.es\/en\/product\/soporte-delim\/","title":{"rendered":"Soporte Delim"},"content":{"rendered":"<p>Soporte de l\u00ednea nature para dispositivos m\u00f3viles (smartphones y tablets). Fabricado en resistente bamb\u00fa de acabado lacado, con ranura\/soporte en ambas caras.<\/p>","protected":false},"excerpt":{"rendered":"<p>Soporte de l\u00ednea nature para dispositivos m\u00f3viles (smartphones y tablets). Fabricado en resistente bamb\u00fa de acabado lacado, con ranura\/soporte en<\/p>","protected":false},"featured_media":68854,"comment_status":"open","ping_status":"open","template":"","meta":{"inline_featured_image":false},"product_brand":[],"product_cat":[122,95],"product_tag":[],"class_list":{"0":"post-38362","1":"product","2":"type-product","3":"status-publish","4":"has-post-thumbnail","6":"product_cat-articulos-sostenibles","7":"product_cat-tecnologia-y-accesorios","9":"first","10":"instock","11":"taxable","12":"shipping-taxable","13":"purchasable","14":"product-type-variable","15":"has-default-attributes"},"aioseo_notices":[],"_links":{"self":[{"href":"https:\/\/imprimeideas.es\/en\/wp-json\/wp\/v2\/product\/38362","targetHints":{"allow":["GET"]}}],"collection":[{"href":"https:\/\/imprimeideas.es\/en\/wp-json\/wp\/v2\/product"}],"about":[{"href":"https:\/\/imprimeideas.es\/en\/wp-json\/wp\/v2\/types\/product"}],"replies":[{"embeddable":true,"href":"https:\/\/imprimeideas.es\/en\/wp-json\/wp\/v2\/comments?post=38362"}],"version-history":[{"count":1,"href":"https:\/\/imprimeideas.es\/en\/wp-json\/wp\/v2\/product\/38362\/revisions"}],"predecessor-version":[{"id":60538,"href":"https:\/\/imprimeideas.es\/en\/wp-json\/wp\/v2\/product\/38362\/revisions\/60538"}],"wp:featuredmedia":[{"embeddable":true,"href":"https:\/\/imprimeideas.es\/en\/wp-json\/wp\/v2\/media\/68854"}],"wp:attachment":[{"href":"https:\/\/imprimeideas.es\/en\/wp-json\/wp\/v2\/media?parent=38362"}],"wp:term":[{"taxonomy":"product_brand","embeddable":true,"href":"https:\/\/imprimeideas.es\/en\/wp-json\/wp\/v2\/product_brand?post=38362"},{"taxonomy":"product_cat","embeddable":true,"href":"https:\/\/imprimeideas.es\/en\/wp-json\/wp\/v2\/product_cat?post=38362"},{"taxonomy":"product_tag","embeddable":true,"href":"https:\/\/imprimeideas.es\/en\/wp-json\/wp\/v2\/product_tag?post=38362"}],"curies":[{"name":"wp","href":"https:\/\/api.w.org\/{rel}","templated":true}]}}