{"id":38342,"date":"2026-02-24T11:16:24","date_gmt":"2026-02-24T10:16:24","guid":{"rendered":"https:\/\/imprimeideas.es\/?post_type=product&p=38342"},"modified":"2026-02-26T18:13:52","modified_gmt":"2026-02-26T17:13:52","slug":"paraguas-alexon","status":"publish","type":"product","link":"https:\/\/imprimeideas.es\/en\/product\/paraguas-alexon\/","title":{"rendered":"Paraguas Alexon"},"content":{"rendered":"<p>Paraguas plegable de 8 paneles y 98cm de di\u00e1metro. Tela en resistente poli\u00e9ster 190T, con mecanismo autom\u00e1tico de apertura\/cierre y sistema antiviento. Varillas met\u00e1licas en color plata y fibra de vidrio. Cierre de velcro y mango ergon\u00f3mico con cinta de transporte. Incluye funda a juego.<\/p>","protected":false},"excerpt":{"rendered":"<p>21&#8243;. Apertura y Cierre Autom\u00e1ticos. Sistema Antiviento. Funda Poli\u00e9ster<\/p>","protected":false},"featured_media":71463,"comment_status":"open","ping_status":"open","template":"","meta":{"inline_featured_image":false},"product_brand":[],"product_cat":[118],"product_tag":[],"class_list":{"0":"post-38342","1":"product","2":"type-product","3":"status-publish","4":"has-post-thumbnail","6":"product_cat-lluvia-y-frio","8":"first","9":"instock","10":"taxable","11":"shipping-taxable","12":"purchasable","13":"product-type-variable","14":"has-default-attributes"},"aioseo_notices":[],"_links":{"self":[{"href":"https:\/\/imprimeideas.es\/en\/wp-json\/wp\/v2\/product\/38342","targetHints":{"allow":["GET"]}}],"collection":[{"href":"https:\/\/imprimeideas.es\/en\/wp-json\/wp\/v2\/product"}],"about":[{"href":"https:\/\/imprimeideas.es\/en\/wp-json\/wp\/v2\/types\/product"}],"replies":[{"embeddable":true,"href":"https:\/\/imprimeideas.es\/en\/wp-json\/wp\/v2\/comments?post=38342"}],"version-history":[{"count":1,"href":"https:\/\/imprimeideas.es\/en\/wp-json\/wp\/v2\/product\/38342\/revisions"}],"predecessor-version":[{"id":60531,"href":"https:\/\/imprimeideas.es\/en\/wp-json\/wp\/v2\/product\/38342\/revisions\/60531"}],"wp:featuredmedia":[{"embeddable":true,"href":"https:\/\/imprimeideas.es\/en\/wp-json\/wp\/v2\/media\/71463"}],"wp:attachment":[{"href":"https:\/\/imprimeideas.es\/en\/wp-json\/wp\/v2\/media?parent=38342"}],"wp:term":[{"taxonomy":"product_brand","embeddable":true,"href":"https:\/\/imprimeideas.es\/en\/wp-json\/wp\/v2\/product_brand?post=38342"},{"taxonomy":"product_cat","embeddable":true,"href":"https:\/\/imprimeideas.es\/en\/wp-json\/wp\/v2\/product_cat?post=38342"},{"taxonomy":"product_tag","embeddable":true,"href":"https:\/\/imprimeideas.es\/en\/wp-json\/wp\/v2\/product_tag?post=38342"}],"curies":[{"name":"wp","href":"https:\/\/api.w.org\/{rel}","templated":true}]}}