{"id":38340,"date":"2026-02-24T11:16:23","date_gmt":"2026-02-24T10:16:23","guid":{"rendered":"https:\/\/imprimeideas.es\/?post_type=product&p=38340"},"modified":"2026-02-26T18:42:24","modified_gmt":"2026-02-26T17:42:24","slug":"soporte-lastrow","status":"publish","type":"product","link":"https:\/\/imprimeideas.es\/en\/product\/soporte-lastrow\/","title":{"rendered":"Soporte Lastrow"},"content":{"rendered":"<p>Soporte para dispositivo m\u00f3vil de l\u00ednea nature. Fabricado en ca\u00f1a de trigo\/PP, para as\u00ed fomentar la utilizaci\u00f3n de materias primas naturales y reducir las emisiones contaminantes.Patas plegables con topes antideslizantes en PVC, especialmente dise\u00f1ado para marcaje en tampograf\u00eda.<\/p>","protected":false},"excerpt":{"rendered":"<p>Soporte para dispositivo m\u00f3vil de l\u00ednea nature. Fabricado en ca\u00f1a de trigo\/PP, para as\u00ed fomentar la utilizaci\u00f3n de materias primas<\/p>","protected":false},"featured_media":79608,"comment_status":"open","ping_status":"open","template":"","meta":{"inline_featured_image":false},"product_brand":[],"product_cat":[122,95],"product_tag":[],"class_list":{"0":"post-38340","1":"product","2":"type-product","3":"status-publish","4":"has-post-thumbnail","6":"product_cat-articulos-sostenibles","7":"product_cat-tecnologia-y-accesorios","9":"first","10":"instock","11":"taxable","12":"shipping-taxable","13":"purchasable","14":"product-type-variable","15":"has-default-attributes"},"aioseo_notices":[],"_links":{"self":[{"href":"https:\/\/imprimeideas.es\/en\/wp-json\/wp\/v2\/product\/38340","targetHints":{"allow":["GET"]}}],"collection":[{"href":"https:\/\/imprimeideas.es\/en\/wp-json\/wp\/v2\/product"}],"about":[{"href":"https:\/\/imprimeideas.es\/en\/wp-json\/wp\/v2\/types\/product"}],"replies":[{"embeddable":true,"href":"https:\/\/imprimeideas.es\/en\/wp-json\/wp\/v2\/comments?post=38340"}],"version-history":[{"count":1,"href":"https:\/\/imprimeideas.es\/en\/wp-json\/wp\/v2\/product\/38340\/revisions"}],"predecessor-version":[{"id":60530,"href":"https:\/\/imprimeideas.es\/en\/wp-json\/wp\/v2\/product\/38340\/revisions\/60530"}],"wp:featuredmedia":[{"embeddable":true,"href":"https:\/\/imprimeideas.es\/en\/wp-json\/wp\/v2\/media\/79608"}],"wp:attachment":[{"href":"https:\/\/imprimeideas.es\/en\/wp-json\/wp\/v2\/media?parent=38340"}],"wp:term":[{"taxonomy":"product_brand","embeddable":true,"href":"https:\/\/imprimeideas.es\/en\/wp-json\/wp\/v2\/product_brand?post=38340"},{"taxonomy":"product_cat","embeddable":true,"href":"https:\/\/imprimeideas.es\/en\/wp-json\/wp\/v2\/product_cat?post=38340"},{"taxonomy":"product_tag","embeddable":true,"href":"https:\/\/imprimeideas.es\/en\/wp-json\/wp\/v2\/product_tag?post=38340"}],"curies":[{"name":"wp","href":"https:\/\/api.w.org\/{rel}","templated":true}]}}