{"id":38332,"date":"2026-02-24T11:16:23","date_gmt":"2026-02-24T10:16:23","guid":{"rendered":"https:\/\/imprimeideas.es\/?post_type=product&p=38332"},"modified":"2026-02-26T18:19:28","modified_gmt":"2026-02-26T17:19:28","slug":"balsamo-labial-zendal","status":"publish","type":"product","link":"https:\/\/imprimeideas.es\/en\/product\/balsamo-labial-zendal\/","title":{"rendered":"B\u00e1lsamo Labial Zendal"},"content":{"rendered":"<p>B\u00e1lsamo labial con espejo integrado en elegantes colores brillantes. Aroma vainilla, con protecci\u00f3n SPF15 y dermatol\u00f3gicamente testado.Disponible certificaci\u00f3n 94\/62\/EC.Art\u00edculo con certificaci\u00f3n GMP (Good Manufaturing Practices \/ Normas de Correcta Fabricaci\u00f3n) que garantiza el cumplimiento de rigurosas medidas de control para la obtenci\u00f3n de un producto seguro y de calidad.<\/p>","protected":false},"excerpt":{"rendered":"<p>SPF15. Aroma Vainilla. Espejo Incluido<\/p>","protected":false},"featured_media":76224,"comment_status":"open","ping_status":"open","template":"","meta":{"inline_featured_image":false},"product_brand":[],"product_cat":[107,119],"product_tag":[],"class_list":{"0":"post-38332","1":"product","2":"type-product","3":"status-publish","4":"has-post-thumbnail","6":"product_cat-cuidado-personal-y-pharma","7":"product_cat-mujer","9":"first","10":"instock","11":"taxable","12":"shipping-taxable","13":"purchasable","14":"product-type-variable","15":"has-default-attributes"},"aioseo_notices":[],"_links":{"self":[{"href":"https:\/\/imprimeideas.es\/en\/wp-json\/wp\/v2\/product\/38332","targetHints":{"allow":["GET"]}}],"collection":[{"href":"https:\/\/imprimeideas.es\/en\/wp-json\/wp\/v2\/product"}],"about":[{"href":"https:\/\/imprimeideas.es\/en\/wp-json\/wp\/v2\/types\/product"}],"replies":[{"embeddable":true,"href":"https:\/\/imprimeideas.es\/en\/wp-json\/wp\/v2\/comments?post=38332"}],"version-history":[{"count":1,"href":"https:\/\/imprimeideas.es\/en\/wp-json\/wp\/v2\/product\/38332\/revisions"}],"predecessor-version":[{"id":60528,"href":"https:\/\/imprimeideas.es\/en\/wp-json\/wp\/v2\/product\/38332\/revisions\/60528"}],"wp:featuredmedia":[{"embeddable":true,"href":"https:\/\/imprimeideas.es\/en\/wp-json\/wp\/v2\/media\/76224"}],"wp:attachment":[{"href":"https:\/\/imprimeideas.es\/en\/wp-json\/wp\/v2\/media?parent=38332"}],"wp:term":[{"taxonomy":"product_brand","embeddable":true,"href":"https:\/\/imprimeideas.es\/en\/wp-json\/wp\/v2\/product_brand?post=38332"},{"taxonomy":"product_cat","embeddable":true,"href":"https:\/\/imprimeideas.es\/en\/wp-json\/wp\/v2\/product_cat?post=38332"},{"taxonomy":"product_tag","embeddable":true,"href":"https:\/\/imprimeideas.es\/en\/wp-json\/wp\/v2\/product_tag?post=38332"}],"curies":[{"name":"wp","href":"https:\/\/api.w.org\/{rel}","templated":true}]}}