{"id":38330,"date":"2026-02-24T11:16:23","date_gmt":"2026-02-24T10:16:23","guid":{"rendered":"https:\/\/imprimeideas.es\/?post_type=product&p=38330"},"modified":"2026-02-26T18:42:37","modified_gmt":"2026-02-26T17:42:37","slug":"parche-calor-zaroa","status":"publish","type":"product","link":"https:\/\/imprimeideas.es\/en\/product\/parche-calor-zaroa\/","title":{"rendered":"Parche Calor Zaroa"},"content":{"rendered":"<p>Parche t\u00e9rmico con dise\u00f1o coraz\u00f3n. Reutilizable y con efecto calor de duraci\u00f3n prolongada. Se activa doblando la chapa met\u00e1lica para que el parche se endurezca y se caliente. Para reutilizar, se calienta agua en un recipiente con el parche dentro hasta que el gel interior vuelva a su estado l\u00edquido, presionando la chapa met\u00e1lica de nuevo. Disponible manual de instrucciones en espa\u00f1ol e ingl\u00e9s.<\/p>","protected":false},"excerpt":{"rendered":"<p>Reutilizable<\/p>","protected":false},"featured_media":66954,"comment_status":"open","ping_status":"open","template":"","meta":{"inline_featured_image":false},"product_brand":[],"product_cat":[107],"product_tag":[],"class_list":{"0":"post-38330","1":"product","2":"type-product","3":"status-publish","4":"has-post-thumbnail","6":"product_cat-cuidado-personal-y-pharma","8":"first","9":"instock","10":"taxable","11":"shipping-taxable","12":"purchasable","13":"product-type-variable","14":"has-default-attributes"},"aioseo_notices":[],"_links":{"self":[{"href":"https:\/\/imprimeideas.es\/en\/wp-json\/wp\/v2\/product\/38330","targetHints":{"allow":["GET"]}}],"collection":[{"href":"https:\/\/imprimeideas.es\/en\/wp-json\/wp\/v2\/product"}],"about":[{"href":"https:\/\/imprimeideas.es\/en\/wp-json\/wp\/v2\/types\/product"}],"replies":[{"embeddable":true,"href":"https:\/\/imprimeideas.es\/en\/wp-json\/wp\/v2\/comments?post=38330"}],"version-history":[{"count":1,"href":"https:\/\/imprimeideas.es\/en\/wp-json\/wp\/v2\/product\/38330\/revisions"}],"predecessor-version":[{"id":60527,"href":"https:\/\/imprimeideas.es\/en\/wp-json\/wp\/v2\/product\/38330\/revisions\/60527"}],"wp:featuredmedia":[{"embeddable":true,"href":"https:\/\/imprimeideas.es\/en\/wp-json\/wp\/v2\/media\/66954"}],"wp:attachment":[{"href":"https:\/\/imprimeideas.es\/en\/wp-json\/wp\/v2\/media?parent=38330"}],"wp:term":[{"taxonomy":"product_brand","embeddable":true,"href":"https:\/\/imprimeideas.es\/en\/wp-json\/wp\/v2\/product_brand?post=38330"},{"taxonomy":"product_cat","embeddable":true,"href":"https:\/\/imprimeideas.es\/en\/wp-json\/wp\/v2\/product_cat?post=38330"},{"taxonomy":"product_tag","embeddable":true,"href":"https:\/\/imprimeideas.es\/en\/wp-json\/wp\/v2\/product_tag?post=38330"}],"curies":[{"name":"wp","href":"https:\/\/api.w.org\/{rel}","templated":true}]}}