{"id":38294,"date":"2026-02-24T11:16:20","date_gmt":"2026-02-24T10:16:20","guid":{"rendered":"https:\/\/imprimeideas.es\/?post_type=product&p=38294"},"modified":"2026-02-26T18:08:22","modified_gmt":"2026-02-26T17:08:22","slug":"boligrafo-harry","status":"publish","type":"product","link":"https:\/\/imprimeideas.es\/en\/product\/boligrafo-harry\/","title":{"rendered":"Bol\u00edgrafo Harry"},"content":{"rendered":"<p>Bol\u00edgrafo de l\u00ednea nature con mecanismo pulsador. Cuerpo en ca\u00f1a de trigo y PP, para as\u00ed fomentar la utilizaci\u00f3n de materias primas naturales y reducir las emisiones contaminantes. Clip con amplia superficie de marcaje y disponible en variada gama de colores pastel, con tinta azul. Con distintivo Wheat Straw en la parte superior del bol\u00edgrafo.<\/p>","protected":false},"excerpt":{"rendered":"<p>Bol\u00edgrafo de l\u00ednea nature con mecanismo pulsador. Cuerpo en ca\u00f1a de trigo y PP, para as\u00ed fomentar la utilizaci\u00f3n de<\/p>","protected":false},"featured_media":85834,"comment_status":"open","ping_status":"open","template":"","meta":{"inline_featured_image":false},"product_brand":[],"product_cat":[122,100],"product_tag":[],"class_list":{"0":"post-38294","1":"product","2":"type-product","3":"status-publish","4":"has-post-thumbnail","6":"product_cat-articulos-sostenibles","7":"product_cat-escritura","9":"first","10":"instock","11":"taxable","12":"shipping-taxable","13":"purchasable","14":"product-type-variable","15":"has-default-attributes"},"aioseo_notices":[],"_links":{"self":[{"href":"https:\/\/imprimeideas.es\/en\/wp-json\/wp\/v2\/product\/38294","targetHints":{"allow":["GET"]}}],"collection":[{"href":"https:\/\/imprimeideas.es\/en\/wp-json\/wp\/v2\/product"}],"about":[{"href":"https:\/\/imprimeideas.es\/en\/wp-json\/wp\/v2\/types\/product"}],"replies":[{"embeddable":true,"href":"https:\/\/imprimeideas.es\/en\/wp-json\/wp\/v2\/comments?post=38294"}],"version-history":[{"count":1,"href":"https:\/\/imprimeideas.es\/en\/wp-json\/wp\/v2\/product\/38294\/revisions"}],"predecessor-version":[{"id":60518,"href":"https:\/\/imprimeideas.es\/en\/wp-json\/wp\/v2\/product\/38294\/revisions\/60518"}],"wp:featuredmedia":[{"embeddable":true,"href":"https:\/\/imprimeideas.es\/en\/wp-json\/wp\/v2\/media\/85834"}],"wp:attachment":[{"href":"https:\/\/imprimeideas.es\/en\/wp-json\/wp\/v2\/media?parent=38294"}],"wp:term":[{"taxonomy":"product_brand","embeddable":true,"href":"https:\/\/imprimeideas.es\/en\/wp-json\/wp\/v2\/product_brand?post=38294"},{"taxonomy":"product_cat","embeddable":true,"href":"https:\/\/imprimeideas.es\/en\/wp-json\/wp\/v2\/product_cat?post=38294"},{"taxonomy":"product_tag","embeddable":true,"href":"https:\/\/imprimeideas.es\/en\/wp-json\/wp\/v2\/product_tag?post=38294"}],"curies":[{"name":"wp","href":"https:\/\/api.w.org\/{rel}","templated":true}]}}