{"id":38291,"date":"2026-02-24T11:16:19","date_gmt":"2026-02-24T10:16:19","guid":{"rendered":"https:\/\/imprimeideas.es\/?post_type=product&p=38291"},"modified":"2026-02-26T18:23:11","modified_gmt":"2026-02-26T17:23:11","slug":"boligrafo-heloix","status":"publish","type":"product","link":"https:\/\/imprimeideas.es\/en\/product\/boligrafo-heloix\/","title":{"rendered":"Bol\u00edgrafo Heloix"},"content":{"rendered":"<p>Bol\u00edgrafo de l\u00ednea nature con mecanismo pulsador. Combinaci\u00f3n de cuerpo en bamb\u00fa brillo y accesorios en PLA -\u00c1cido PoliL\u00e1ctico-, que se obtiene a partir de recursos 100% naturales como el almid\u00f3n de ma\u00edz, la yuca o la ca\u00f1a de az\u00facar, pudiendo convertirse en 100% compostable al final de su ciclo de vida \u00fatil. Clip con amplia superficie de marcaje y disponible en variada gama de colores, con tinta azul. Distintivo PLA en parte superior del clip.<\/p>","protected":false},"excerpt":{"rendered":"<p>Bol\u00edgrafo de l\u00ednea nature con mecanismo pulsador. Combinaci\u00f3n de cuerpo en bamb\u00fa brillo y accesorios en PLA -\u00c1cido PoliL\u00e1ctico-, que<\/p>","protected":false},"featured_media":72379,"comment_status":"open","ping_status":"open","template":"","meta":{"inline_featured_image":false},"product_brand":[],"product_cat":[122,100],"product_tag":[],"class_list":{"0":"post-38291","1":"product","2":"type-product","3":"status-publish","4":"has-post-thumbnail","6":"product_cat-articulos-sostenibles","7":"product_cat-escritura","9":"first","10":"instock","11":"taxable","12":"shipping-taxable","13":"purchasable","14":"product-type-variable","15":"has-default-attributes"},"aioseo_notices":[],"_links":{"self":[{"href":"https:\/\/imprimeideas.es\/en\/wp-json\/wp\/v2\/product\/38291","targetHints":{"allow":["GET"]}}],"collection":[{"href":"https:\/\/imprimeideas.es\/en\/wp-json\/wp\/v2\/product"}],"about":[{"href":"https:\/\/imprimeideas.es\/en\/wp-json\/wp\/v2\/types\/product"}],"replies":[{"embeddable":true,"href":"https:\/\/imprimeideas.es\/en\/wp-json\/wp\/v2\/comments?post=38291"}],"version-history":[{"count":1,"href":"https:\/\/imprimeideas.es\/en\/wp-json\/wp\/v2\/product\/38291\/revisions"}],"predecessor-version":[{"id":60517,"href":"https:\/\/imprimeideas.es\/en\/wp-json\/wp\/v2\/product\/38291\/revisions\/60517"}],"wp:featuredmedia":[{"embeddable":true,"href":"https:\/\/imprimeideas.es\/en\/wp-json\/wp\/v2\/media\/72379"}],"wp:attachment":[{"href":"https:\/\/imprimeideas.es\/en\/wp-json\/wp\/v2\/media?parent=38291"}],"wp:term":[{"taxonomy":"product_brand","embeddable":true,"href":"https:\/\/imprimeideas.es\/en\/wp-json\/wp\/v2\/product_brand?post=38291"},{"taxonomy":"product_cat","embeddable":true,"href":"https:\/\/imprimeideas.es\/en\/wp-json\/wp\/v2\/product_cat?post=38291"},{"taxonomy":"product_tag","embeddable":true,"href":"https:\/\/imprimeideas.es\/en\/wp-json\/wp\/v2\/product_tag?post=38291"}],"curies":[{"name":"wp","href":"https:\/\/api.w.org\/{rel}","templated":true}]}}