{"id":38273,"date":"2026-02-24T11:16:18","date_gmt":"2026-02-24T10:16:18","guid":{"rendered":"https:\/\/imprimeideas.es\/?post_type=product&p=38273"},"modified":"2026-02-25T23:47:06","modified_gmt":"2026-02-25T22:47:06","slug":"set-antibacteriano-riply","status":"publish","type":"product","link":"https:\/\/imprimeideas.es\/en\/product\/set-antibacteriano-riply\/","title":{"rendered":"Set Antibacteriano Riply"},"content":{"rendered":"<p>Set antibacteriano en resistente material PP de color blanco. Incluye bol\u00edgrafo, portaminas (mina 0,5 mm incluida), regla de 15 cm y goma.Bol\u00edgrafo de mecanismo pulsador y tinta azul.Los productos con tratamientos antibacterianos son capaces de reducir dr\u00e1sticamente las cargas bacterianas presentes en las superficies de los materiales, gracias a la incorporaci\u00f3n de agentes microbianos permanentes est\u00e1ticos, con alta efectividad para inhibir y prevenir la contaminaci\u00f3n bacteriana.Art\u00edculo de acuerdo al est\u00e1ndar ISO 22196, que determina la actividad antibacteriana en materiales pl\u00e1sticos y superficies no porosas, lo que permite conocer la efectividad de inhibici\u00f3n microbiana que tienen los aditivos sobre los objetos tratados mediante una evaluaci\u00f3n cuantitativa.<\/p>","protected":false},"excerpt":{"rendered":"<p>4 Piezas. Bol\u00edgrafo. Portaminas: Minas 0,5 mm Incluidas<\/p>","protected":false},"featured_media":73827,"comment_status":"open","ping_status":"open","template":"","meta":{"inline_featured_image":false},"product_brand":[],"product_cat":[124,100,128],"product_tag":[],"class_list":{"0":"post-38273","1":"product","2":"type-product","3":"status-publish","4":"has-post-thumbnail","6":"product_cat-antibacterial","7":"product_cat-escritura","8":"product_cat-outlet","10":"first","11":"outofstock","12":"taxable","13":"shipping-taxable","14":"purchasable","15":"product-type-variable","16":"has-default-attributes"},"aioseo_notices":[],"_links":{"self":[{"href":"https:\/\/imprimeideas.es\/en\/wp-json\/wp\/v2\/product\/38273","targetHints":{"allow":["GET"]}}],"collection":[{"href":"https:\/\/imprimeideas.es\/en\/wp-json\/wp\/v2\/product"}],"about":[{"href":"https:\/\/imprimeideas.es\/en\/wp-json\/wp\/v2\/types\/product"}],"replies":[{"embeddable":true,"href":"https:\/\/imprimeideas.es\/en\/wp-json\/wp\/v2\/comments?post=38273"}],"version-history":[{"count":1,"href":"https:\/\/imprimeideas.es\/en\/wp-json\/wp\/v2\/product\/38273\/revisions"}],"predecessor-version":[{"id":60512,"href":"https:\/\/imprimeideas.es\/en\/wp-json\/wp\/v2\/product\/38273\/revisions\/60512"}],"wp:featuredmedia":[{"embeddable":true,"href":"https:\/\/imprimeideas.es\/en\/wp-json\/wp\/v2\/media\/73827"}],"wp:attachment":[{"href":"https:\/\/imprimeideas.es\/en\/wp-json\/wp\/v2\/media?parent=38273"}],"wp:term":[{"taxonomy":"product_brand","embeddable":true,"href":"https:\/\/imprimeideas.es\/en\/wp-json\/wp\/v2\/product_brand?post=38273"},{"taxonomy":"product_cat","embeddable":true,"href":"https:\/\/imprimeideas.es\/en\/wp-json\/wp\/v2\/product_cat?post=38273"},{"taxonomy":"product_tag","embeddable":true,"href":"https:\/\/imprimeideas.es\/en\/wp-json\/wp\/v2\/product_tag?post=38273"}],"curies":[{"name":"wp","href":"https:\/\/api.w.org\/{rel}","templated":true}]}}