{"id":38234,"date":"2026-02-24T11:16:14","date_gmt":"2026-02-24T10:16:14","guid":{"rendered":"https:\/\/imprimeideas.es\/?post_type=product&p=38234"},"modified":"2026-02-26T18:33:04","modified_gmt":"2026-02-26T17:33:04","slug":"camiseta-adulto-keya-organic-color","status":"publish","type":"product","link":"https:\/\/imprimeideas.es\/en\/product\/camiseta-adulto-keya-organic-color\/","title":{"rendered":"Camiseta Adulto \u00abkeya\u00bb Organic Color"},"content":{"rendered":"<p>Camiseta de l\u00ednea nature para adulto. Fabricada en material 100% algod\u00f3n org\u00e1nico peinado ring-spun, tejido single jersey de 150g\/m2. Disponible en variada gama de colores, con distintivo organic en etiqueta y en tallas S, M, L, XL, XXL.<\/p>","protected":false},"excerpt":{"rendered":"<p>Camiseta de l\u00ednea nature para adulto. Fabricada en material 100% algod\u00f3n org\u00e1nico peinado ring-spun, tejido single jersey de 150g\/m2. Disponible<\/p>","protected":false},"featured_media":70942,"comment_status":"open","ping_status":"open","template":"","meta":{"inline_featured_image":false},"product_brand":[2087],"product_cat":[122,116],"product_tag":[],"class_list":{"0":"post-38234","1":"product","2":"type-product","3":"status-publish","4":"has-post-thumbnail","6":"product_brand-keya","7":"product_cat-articulos-sostenibles","8":"product_cat-textil","10":"first","11":"instock","12":"taxable","13":"shipping-taxable","14":"purchasable","15":"product-type-variable","16":"has-default-attributes"},"aioseo_notices":[],"_links":{"self":[{"href":"https:\/\/imprimeideas.es\/en\/wp-json\/wp\/v2\/product\/38234","targetHints":{"allow":["GET"]}}],"collection":[{"href":"https:\/\/imprimeideas.es\/en\/wp-json\/wp\/v2\/product"}],"about":[{"href":"https:\/\/imprimeideas.es\/en\/wp-json\/wp\/v2\/types\/product"}],"replies":[{"embeddable":true,"href":"https:\/\/imprimeideas.es\/en\/wp-json\/wp\/v2\/comments?post=38234"}],"version-history":[{"count":1,"href":"https:\/\/imprimeideas.es\/en\/wp-json\/wp\/v2\/product\/38234\/revisions"}],"predecessor-version":[{"id":60507,"href":"https:\/\/imprimeideas.es\/en\/wp-json\/wp\/v2\/product\/38234\/revisions\/60507"}],"wp:featuredmedia":[{"embeddable":true,"href":"https:\/\/imprimeideas.es\/en\/wp-json\/wp\/v2\/media\/70942"}],"wp:attachment":[{"href":"https:\/\/imprimeideas.es\/en\/wp-json\/wp\/v2\/media?parent=38234"}],"wp:term":[{"taxonomy":"product_brand","embeddable":true,"href":"https:\/\/imprimeideas.es\/en\/wp-json\/wp\/v2\/product_brand?post=38234"},{"taxonomy":"product_cat","embeddable":true,"href":"https:\/\/imprimeideas.es\/en\/wp-json\/wp\/v2\/product_cat?post=38234"},{"taxonomy":"product_tag","embeddable":true,"href":"https:\/\/imprimeideas.es\/en\/wp-json\/wp\/v2\/product_tag?post=38234"}],"curies":[{"name":"wp","href":"https:\/\/api.w.org\/{rel}","templated":true}]}}