{"id":38156,"date":"2026-02-24T11:16:07","date_gmt":"2026-02-24T10:16:07","guid":{"rendered":"https:\/\/imprimeideas.es\/?post_type=product&p=38156"},"modified":"2026-02-26T18:37:40","modified_gmt":"2026-02-26T17:37:40","slug":"chaqueta-mitens","status":"publish","type":"product","link":"https:\/\/imprimeideas.es\/en\/product\/chaqueta-mitens\/","title":{"rendered":"Chaqueta Mitens"},"content":{"rendered":"<p>Chaqueta unisex en c\u00e1lido y suave material 100% poli\u00e9ster RPET, elaborado a partir de pl\u00e1stico reciclado para as\u00ed fomentar la reutilizaci\u00f3n de residuos pl\u00e1sticos y contribuir a la sostenibilidad del planeta. En material extra ligero efecto pluma, resistente al agua y cortavientos, con acolchado interior. Cremallera de cuello con tapeta y cinta en tirador amplios bolsillos laterales con cremallera. Distintivo RPET en etiqueta y disponible en variada gama de colores. Tallas S, M, L, XL, XXL.<\/p>","protected":false},"excerpt":{"rendered":"<p>Resistente al Viento y al Agua. Funda Poli\u00e9ster RPET<\/p>","protected":false},"featured_media":82819,"comment_status":"open","ping_status":"open","template":"","meta":{"inline_featured_image":false},"product_brand":[],"product_cat":[122,116],"product_tag":[],"class_list":{"0":"post-38156","1":"product","2":"type-product","3":"status-publish","4":"has-post-thumbnail","6":"product_cat-articulos-sostenibles","7":"product_cat-textil","9":"first","10":"instock","11":"taxable","12":"shipping-taxable","13":"purchasable","14":"product-type-variable","15":"has-default-attributes"},"aioseo_notices":[],"_links":{"self":[{"href":"https:\/\/imprimeideas.es\/en\/wp-json\/wp\/v2\/product\/38156","targetHints":{"allow":["GET"]}}],"collection":[{"href":"https:\/\/imprimeideas.es\/en\/wp-json\/wp\/v2\/product"}],"about":[{"href":"https:\/\/imprimeideas.es\/en\/wp-json\/wp\/v2\/types\/product"}],"replies":[{"embeddable":true,"href":"https:\/\/imprimeideas.es\/en\/wp-json\/wp\/v2\/comments?post=38156"}],"version-history":[{"count":1,"href":"https:\/\/imprimeideas.es\/en\/wp-json\/wp\/v2\/product\/38156\/revisions"}],"predecessor-version":[{"id":60504,"href":"https:\/\/imprimeideas.es\/en\/wp-json\/wp\/v2\/product\/38156\/revisions\/60504"}],"wp:featuredmedia":[{"embeddable":true,"href":"https:\/\/imprimeideas.es\/en\/wp-json\/wp\/v2\/media\/82819"}],"wp:attachment":[{"href":"https:\/\/imprimeideas.es\/en\/wp-json\/wp\/v2\/media?parent=38156"}],"wp:term":[{"taxonomy":"product_brand","embeddable":true,"href":"https:\/\/imprimeideas.es\/en\/wp-json\/wp\/v2\/product_brand?post=38156"},{"taxonomy":"product_cat","embeddable":true,"href":"https:\/\/imprimeideas.es\/en\/wp-json\/wp\/v2\/product_cat?post=38156"},{"taxonomy":"product_tag","embeddable":true,"href":"https:\/\/imprimeideas.es\/en\/wp-json\/wp\/v2\/product_tag?post=38156"}],"curies":[{"name":"wp","href":"https:\/\/api.w.org\/{rel}","templated":true}]}}