{"id":38115,"date":"2026-02-24T11:16:04","date_gmt":"2026-02-24T10:16:04","guid":{"rendered":"https:\/\/imprimeideas.es\/?post_type=product&p=38115"},"modified":"2026-02-26T18:42:36","modified_gmt":"2026-02-26T17:42:36","slug":"reloj-inteligente-simont","status":"publish","type":"product","link":"https:\/\/imprimeideas.es\/en\/product\/reloj-inteligente-simont\/","title":{"rendered":"Reloj Inteligente Simont"},"content":{"rendered":"<p>Reloj inteligente multifunci\u00f3n de dise\u00f1o casual, con conexi\u00f3n Bluetooth. Elegante caja con correa en material TPU y pantalla LCD t\u00e1ctil integrada de 1,44 pulgadas, que lo convierten en el gadget perfecto para todo tipo de actividades deportivas, de ocio y para el d\u00eda a d\u00eda. Con funciones monitor de frecuencia card\u00edaca, presi\u00f3n arterial y ox\u00edgeno en sangre, monitor de sue\u00f1o, c\u00e1mara remota, alarma, antip\u00e9rdida y pod\u00f3metro. Resistente a salpicaduras de agua, con APP disponible para iOS y Android. Presentado en atractiva caja de dise\u00f1o. Disponible manual de instrucciones en espa\u00f1ol e ingl\u00e9s.<\/p>","protected":false},"excerpt":{"rendered":"<p>Conexi\u00f3n Bluetooth. Pantalla LCD 1,44&#8243;. Bater\u00eda 50 mAh<\/p>","protected":false},"featured_media":69008,"comment_status":"open","ping_status":"open","template":"","meta":{"inline_featured_image":false},"product_brand":[],"product_cat":[95],"product_tag":[],"class_list":{"0":"post-38115","1":"product","2":"type-product","3":"status-publish","4":"has-post-thumbnail","6":"product_cat-tecnologia-y-accesorios","8":"first","9":"instock","10":"taxable","11":"shipping-taxable","12":"purchasable","13":"product-type-variable","14":"has-default-attributes"},"aioseo_notices":[],"_links":{"self":[{"href":"https:\/\/imprimeideas.es\/en\/wp-json\/wp\/v2\/product\/38115","targetHints":{"allow":["GET"]}}],"collection":[{"href":"https:\/\/imprimeideas.es\/en\/wp-json\/wp\/v2\/product"}],"about":[{"href":"https:\/\/imprimeideas.es\/en\/wp-json\/wp\/v2\/types\/product"}],"replies":[{"embeddable":true,"href":"https:\/\/imprimeideas.es\/en\/wp-json\/wp\/v2\/comments?post=38115"}],"version-history":[{"count":1,"href":"https:\/\/imprimeideas.es\/en\/wp-json\/wp\/v2\/product\/38115\/revisions"}],"predecessor-version":[{"id":60500,"href":"https:\/\/imprimeideas.es\/en\/wp-json\/wp\/v2\/product\/38115\/revisions\/60500"}],"wp:featuredmedia":[{"embeddable":true,"href":"https:\/\/imprimeideas.es\/en\/wp-json\/wp\/v2\/media\/69008"}],"wp:attachment":[{"href":"https:\/\/imprimeideas.es\/en\/wp-json\/wp\/v2\/media?parent=38115"}],"wp:term":[{"taxonomy":"product_brand","embeddable":true,"href":"https:\/\/imprimeideas.es\/en\/wp-json\/wp\/v2\/product_brand?post=38115"},{"taxonomy":"product_cat","embeddable":true,"href":"https:\/\/imprimeideas.es\/en\/wp-json\/wp\/v2\/product_cat?post=38115"},{"taxonomy":"product_tag","embeddable":true,"href":"https:\/\/imprimeideas.es\/en\/wp-json\/wp\/v2\/product_tag?post=38115"}],"curies":[{"name":"wp","href":"https:\/\/api.w.org\/{rel}","templated":true}]}}