{"id":38112,"date":"2026-02-24T11:16:04","date_gmt":"2026-02-24T10:16:04","guid":{"rendered":"https:\/\/imprimeideas.es\/?post_type=product&p=38112"},"modified":"2026-02-26T18:33:02","modified_gmt":"2026-02-26T17:33:02","slug":"reloj-inteligente-proxor","status":"publish","type":"product","link":"https:\/\/imprimeideas.es\/en\/product\/reloj-inteligente-proxor\/","title":{"rendered":"Reloj Inteligente Proxor"},"content":{"rendered":"<p>Reloj inteligente multifunci\u00f3n de dise\u00f1o casual, con conexi\u00f3n Bluetooth y recargable mediante cable USB -incluido-. Elegante carcasa met\u00e1lica, con correa en material TPU y pantalla IPS t\u00e1ctil integrada de 1,83 pulgadas, que lo convierten en el gadget perfecto para todo tipo de actividades deportivas, de ocio y para el d\u00eda a d\u00eda. Con funci\u00f3n \u00b4\u00b4BT calling\u00b4\u00b4que permite realizar y recibir llamadas sin la necesidad de insertar la tarjeta SIM en el dispositivo. Adem\u00e1s cuenta con otras funciones como monitor de frecuencia card\u00edaca, presi\u00f3n arterial y ox\u00edgeno en sangre, monitor de sue\u00f1o, linterna, c\u00e1mara remota, alarma, antip\u00e9rdida, pod\u00f3metro, cron\u00f3metro y reproductor de m\u00fasica. Resistente a salpicaduras de agua, con APP disponible para iOS y Android. Presentado en atractiva caja de dise\u00f1o. Disponible manual de instrucciones en espa\u00f1ol e ingl\u00e9s.<\/p>","protected":false},"excerpt":{"rendered":"<p>Conexi\u00f3n Bluetooth. Pantalla IPS 1,54&#8243;. Bater\u00eda 160 mAh<\/p>","protected":false},"featured_media":38946,"comment_status":"open","ping_status":"open","template":"","meta":{"inline_featured_image":false},"product_brand":[],"product_cat":[95],"product_tag":[],"class_list":{"0":"post-38112","1":"product","2":"type-product","3":"status-publish","4":"has-post-thumbnail","6":"product_cat-tecnologia-y-accesorios","8":"first","9":"instock","10":"taxable","11":"shipping-taxable","12":"purchasable","13":"product-type-variable","14":"has-default-attributes"},"aioseo_notices":[],"_links":{"self":[{"href":"https:\/\/imprimeideas.es\/en\/wp-json\/wp\/v2\/product\/38112","targetHints":{"allow":["GET"]}}],"collection":[{"href":"https:\/\/imprimeideas.es\/en\/wp-json\/wp\/v2\/product"}],"about":[{"href":"https:\/\/imprimeideas.es\/en\/wp-json\/wp\/v2\/types\/product"}],"replies":[{"embeddable":true,"href":"https:\/\/imprimeideas.es\/en\/wp-json\/wp\/v2\/comments?post=38112"}],"version-history":[{"count":1,"href":"https:\/\/imprimeideas.es\/en\/wp-json\/wp\/v2\/product\/38112\/revisions"}],"predecessor-version":[{"id":60499,"href":"https:\/\/imprimeideas.es\/en\/wp-json\/wp\/v2\/product\/38112\/revisions\/60499"}],"wp:featuredmedia":[{"embeddable":true,"href":"https:\/\/imprimeideas.es\/en\/wp-json\/wp\/v2\/media\/38946"}],"wp:attachment":[{"href":"https:\/\/imprimeideas.es\/en\/wp-json\/wp\/v2\/media?parent=38112"}],"wp:term":[{"taxonomy":"product_brand","embeddable":true,"href":"https:\/\/imprimeideas.es\/en\/wp-json\/wp\/v2\/product_brand?post=38112"},{"taxonomy":"product_cat","embeddable":true,"href":"https:\/\/imprimeideas.es\/en\/wp-json\/wp\/v2\/product_cat?post=38112"},{"taxonomy":"product_tag","embeddable":true,"href":"https:\/\/imprimeideas.es\/en\/wp-json\/wp\/v2\/product_tag?post=38112"}],"curies":[{"name":"wp","href":"https:\/\/api.w.org\/{rel}","templated":true}]}}