{"id":38104,"date":"2026-02-24T11:16:03","date_gmt":"2026-02-24T10:16:03","guid":{"rendered":"https:\/\/imprimeideas.es\/?post_type=product&p=38104"},"modified":"2026-02-26T18:13:45","modified_gmt":"2026-02-26T17:13:45","slug":"cargador-livor","status":"publish","type":"product","link":"https:\/\/imprimeideas.es\/en\/product\/cargador-livor\/","title":{"rendered":"Cargador Livor"},"content":{"rendered":"<p>Cargador inal\u00e1mbrico 10W de l\u00ednea nature y dise\u00f1o circular. Carcasa en combinaci\u00f3n de materiales corcho natural y ca\u00f1a de trigo. Incluye cable micro USB de 1 metro de largo, con indicador de estado de carga y compatible con dispositivos equipados con tecnolog\u00eda de carga inal\u00e1mbrica. Amplia superficie de marcaje y presentado en atractiva caja de dise\u00f1o eco.<\/p>","protected":false},"excerpt":{"rendered":"<p>Inal\u00e1mbrico 10W<\/p>","protected":false},"featured_media":72860,"comment_status":"open","ping_status":"open","template":"","meta":{"inline_featured_image":false},"product_brand":[],"product_cat":[122,95],"product_tag":[],"class_list":{"0":"post-38104","1":"product","2":"type-product","3":"status-publish","4":"has-post-thumbnail","6":"product_cat-articulos-sostenibles","7":"product_cat-tecnologia-y-accesorios","9":"first","10":"instock","11":"taxable","12":"shipping-taxable","13":"purchasable","14":"product-type-variable","15":"has-default-attributes"},"aioseo_notices":[],"_links":{"self":[{"href":"https:\/\/imprimeideas.es\/en\/wp-json\/wp\/v2\/product\/38104","targetHints":{"allow":["GET"]}}],"collection":[{"href":"https:\/\/imprimeideas.es\/en\/wp-json\/wp\/v2\/product"}],"about":[{"href":"https:\/\/imprimeideas.es\/en\/wp-json\/wp\/v2\/types\/product"}],"replies":[{"embeddable":true,"href":"https:\/\/imprimeideas.es\/en\/wp-json\/wp\/v2\/comments?post=38104"}],"version-history":[{"count":1,"href":"https:\/\/imprimeideas.es\/en\/wp-json\/wp\/v2\/product\/38104\/revisions"}],"predecessor-version":[{"id":60495,"href":"https:\/\/imprimeideas.es\/en\/wp-json\/wp\/v2\/product\/38104\/revisions\/60495"}],"wp:featuredmedia":[{"embeddable":true,"href":"https:\/\/imprimeideas.es\/en\/wp-json\/wp\/v2\/media\/72860"}],"wp:attachment":[{"href":"https:\/\/imprimeideas.es\/en\/wp-json\/wp\/v2\/media?parent=38104"}],"wp:term":[{"taxonomy":"product_brand","embeddable":true,"href":"https:\/\/imprimeideas.es\/en\/wp-json\/wp\/v2\/product_brand?post=38104"},{"taxonomy":"product_cat","embeddable":true,"href":"https:\/\/imprimeideas.es\/en\/wp-json\/wp\/v2\/product_cat?post=38104"},{"taxonomy":"product_tag","embeddable":true,"href":"https:\/\/imprimeideas.es\/en\/wp-json\/wp\/v2\/product_tag?post=38104"}],"curies":[{"name":"wp","href":"https:\/\/api.w.org\/{rel}","templated":true}]}}