{"id":38097,"date":"2026-02-24T11:16:02","date_gmt":"2026-02-24T10:16:02","guid":{"rendered":"https:\/\/imprimeideas.es\/?post_type=product&p=38097"},"modified":"2026-02-26T18:33:06","modified_gmt":"2026-02-26T17:33:06","slug":"lapicero-multifuncion-pekon","status":"publish","type":"product","link":"https:\/\/imprimeideas.es\/en\/product\/lapicero-multifuncion-pekon\/","title":{"rendered":"Lapicero Multifunci\u00f3n Pekon"},"content":{"rendered":"<p>Lapicero multifunci\u00f3n 4 en 1, fabricado en resistente material ABS de color blanco. Con funciones lapicero, soporte para smartphone, cargador inal\u00e1mbrico 5W y 2 salidas USB de 2.000 mA. Puerto USB inferior, apto para transferencia de datos. Compatible con smartphones con tecnolog\u00eda de carga inal\u00e1mbrica. Incluye cable tipo C de 1 metro de largo y viene presentado en atractiva caja de dise\u00f1o. Disponible manual de instrucciones en espa\u00f1ol e ingl\u00e9s.<\/p>","protected":false},"excerpt":{"rendered":"<p>Cargador Inal\u00e1mbrico 5W. 2 Salidas USB. 1 Puerto USB 2.0<\/p>","protected":false},"featured_media":77722,"comment_status":"open","ping_status":"open","template":"","meta":{"inline_featured_image":false},"product_brand":[],"product_cat":[96,95],"product_tag":[],"class_list":{"0":"post-38097","1":"product","2":"type-product","3":"status-publish","4":"has-post-thumbnail","6":"product_cat-oficina-y-negocios","7":"product_cat-tecnologia-y-accesorios","9":"first","10":"outofstock","11":"taxable","12":"shipping-taxable","13":"purchasable","14":"product-type-variable","15":"has-default-attributes"},"aioseo_notices":[],"_links":{"self":[{"href":"https:\/\/imprimeideas.es\/en\/wp-json\/wp\/v2\/product\/38097","targetHints":{"allow":["GET"]}}],"collection":[{"href":"https:\/\/imprimeideas.es\/en\/wp-json\/wp\/v2\/product"}],"about":[{"href":"https:\/\/imprimeideas.es\/en\/wp-json\/wp\/v2\/types\/product"}],"replies":[{"embeddable":true,"href":"https:\/\/imprimeideas.es\/en\/wp-json\/wp\/v2\/comments?post=38097"}],"version-history":[{"count":1,"href":"https:\/\/imprimeideas.es\/en\/wp-json\/wp\/v2\/product\/38097\/revisions"}],"predecessor-version":[{"id":60492,"href":"https:\/\/imprimeideas.es\/en\/wp-json\/wp\/v2\/product\/38097\/revisions\/60492"}],"wp:featuredmedia":[{"embeddable":true,"href":"https:\/\/imprimeideas.es\/en\/wp-json\/wp\/v2\/media\/77722"}],"wp:attachment":[{"href":"https:\/\/imprimeideas.es\/en\/wp-json\/wp\/v2\/media?parent=38097"}],"wp:term":[{"taxonomy":"product_brand","embeddable":true,"href":"https:\/\/imprimeideas.es\/en\/wp-json\/wp\/v2\/product_brand?post=38097"},{"taxonomy":"product_cat","embeddable":true,"href":"https:\/\/imprimeideas.es\/en\/wp-json\/wp\/v2\/product_cat?post=38097"},{"taxonomy":"product_tag","embeddable":true,"href":"https:\/\/imprimeideas.es\/en\/wp-json\/wp\/v2\/product_tag?post=38097"}],"curies":[{"name":"wp","href":"https:\/\/api.w.org\/{rel}","templated":true}]}}