{"id":38086,"date":"2026-02-24T11:15:27","date_gmt":"2026-02-24T10:15:27","guid":{"rendered":"https:\/\/imprimeideas.es\/?post_type=product&p=38086"},"modified":"2026-02-26T18:13:57","modified_gmt":"2026-02-26T17:13:57","slug":"boligrafo-siliax","status":"publish","type":"product","link":"https:\/\/imprimeideas.es\/en\/product\/boligrafo-siliax\/","title":{"rendered":"Bol\u00edgrafo Siliax"},"content":{"rendered":"<p>Bol\u00edgrafo de l\u00ednea nature en combinaci\u00f3n de corcho natural y metal. Con original clip met\u00e1lico de acabado cromado, a juego con la punta y la anilla. Parte superior en color blanco, de mecanismo giratorio y con tinta azul. Presentado en caja individual de dise\u00f1o eco.<\/p>","protected":false},"excerpt":{"rendered":"<p>Bol\u00edgrafo de l\u00ednea nature en combinaci\u00f3n de corcho natural y metal. Con original clip met\u00e1lico de acabado cromado, a juego<\/p>","protected":false},"featured_media":75332,"comment_status":"open","ping_status":"open","template":"","meta":{"inline_featured_image":false},"product_brand":[],"product_cat":[122,100],"product_tag":[],"class_list":{"0":"post-38086","1":"product","2":"type-product","3":"status-publish","4":"has-post-thumbnail","6":"product_cat-articulos-sostenibles","7":"product_cat-escritura","9":"first","10":"instock","11":"taxable","12":"shipping-taxable","13":"purchasable","14":"product-type-variable","15":"has-default-attributes"},"aioseo_notices":[],"_links":{"self":[{"href":"https:\/\/imprimeideas.es\/en\/wp-json\/wp\/v2\/product\/38086","targetHints":{"allow":["GET"]}}],"collection":[{"href":"https:\/\/imprimeideas.es\/en\/wp-json\/wp\/v2\/product"}],"about":[{"href":"https:\/\/imprimeideas.es\/en\/wp-json\/wp\/v2\/types\/product"}],"replies":[{"embeddable":true,"href":"https:\/\/imprimeideas.es\/en\/wp-json\/wp\/v2\/comments?post=38086"}],"version-history":[{"count":1,"href":"https:\/\/imprimeideas.es\/en\/wp-json\/wp\/v2\/product\/38086\/revisions"}],"predecessor-version":[{"id":60488,"href":"https:\/\/imprimeideas.es\/en\/wp-json\/wp\/v2\/product\/38086\/revisions\/60488"}],"wp:featuredmedia":[{"embeddable":true,"href":"https:\/\/imprimeideas.es\/en\/wp-json\/wp\/v2\/media\/75332"}],"wp:attachment":[{"href":"https:\/\/imprimeideas.es\/en\/wp-json\/wp\/v2\/media?parent=38086"}],"wp:term":[{"taxonomy":"product_brand","embeddable":true,"href":"https:\/\/imprimeideas.es\/en\/wp-json\/wp\/v2\/product_brand?post=38086"},{"taxonomy":"product_cat","embeddable":true,"href":"https:\/\/imprimeideas.es\/en\/wp-json\/wp\/v2\/product_cat?post=38086"},{"taxonomy":"product_tag","embeddable":true,"href":"https:\/\/imprimeideas.es\/en\/wp-json\/wp\/v2\/product_tag?post=38086"}],"curies":[{"name":"wp","href":"https:\/\/api.w.org\/{rel}","templated":true}]}}