{"id":38082,"date":"2026-02-24T11:15:26","date_gmt":"2026-02-24T10:15:26","guid":{"rendered":"https:\/\/imprimeideas.es\/?post_type=product&p=38082"},"modified":"2026-02-26T18:42:40","modified_gmt":"2026-02-26T17:42:40","slug":"bolsa-plegable-charel","status":"publish","type":"product","link":"https:\/\/imprimeideas.es\/en\/product\/bolsa-plegable-charel\/","title":{"rendered":"Bolsa Plegable Charel"},"content":{"rendered":"<p>Bolsa plegable de l\u00ednea nature en combinaci\u00f3n de materiales 100% algod\u00f3n de 110 g\/m2 y base en corcho natural, con bolsillo. Asas de 57 cm con refuerzo, de acabado cosido y resistencia hasta 8 kg de peso. Plegado de peque\u00f1o tama\u00f1o mediante cremallera para un f\u00e1cil transporte.<\/p>","protected":false},"excerpt":{"rendered":"<p>Bolsa plegable de l\u00ednea nature en combinaci\u00f3n de materiales 100% algod\u00f3n de 110 g\/m2 y base en corcho natural, con<\/p>","protected":false},"featured_media":76907,"comment_status":"open","ping_status":"open","template":"","meta":{"inline_featured_image":false},"product_brand":[],"product_cat":[122,99],"product_tag":[],"class_list":{"0":"post-38082","1":"product","2":"type-product","3":"status-publish","4":"has-post-thumbnail","6":"product_cat-articulos-sostenibles","7":"product_cat-bolsas","9":"first","10":"instock","11":"taxable","12":"shipping-taxable","13":"purchasable","14":"product-type-variable","15":"has-default-attributes"},"aioseo_notices":[],"_links":{"self":[{"href":"https:\/\/imprimeideas.es\/en\/wp-json\/wp\/v2\/product\/38082","targetHints":{"allow":["GET"]}}],"collection":[{"href":"https:\/\/imprimeideas.es\/en\/wp-json\/wp\/v2\/product"}],"about":[{"href":"https:\/\/imprimeideas.es\/en\/wp-json\/wp\/v2\/types\/product"}],"replies":[{"embeddable":true,"href":"https:\/\/imprimeideas.es\/en\/wp-json\/wp\/v2\/comments?post=38082"}],"version-history":[{"count":1,"href":"https:\/\/imprimeideas.es\/en\/wp-json\/wp\/v2\/product\/38082\/revisions"}],"predecessor-version":[{"id":60486,"href":"https:\/\/imprimeideas.es\/en\/wp-json\/wp\/v2\/product\/38082\/revisions\/60486"}],"wp:featuredmedia":[{"embeddable":true,"href":"https:\/\/imprimeideas.es\/en\/wp-json\/wp\/v2\/media\/76907"}],"wp:attachment":[{"href":"https:\/\/imprimeideas.es\/en\/wp-json\/wp\/v2\/media?parent=38082"}],"wp:term":[{"taxonomy":"product_brand","embeddable":true,"href":"https:\/\/imprimeideas.es\/en\/wp-json\/wp\/v2\/product_brand?post=38082"},{"taxonomy":"product_cat","embeddable":true,"href":"https:\/\/imprimeideas.es\/en\/wp-json\/wp\/v2\/product_cat?post=38082"},{"taxonomy":"product_tag","embeddable":true,"href":"https:\/\/imprimeideas.es\/en\/wp-json\/wp\/v2\/product_tag?post=38082"}],"curies":[{"name":"wp","href":"https:\/\/api.w.org\/{rel}","templated":true}]}}