{"id":38039,"date":"2026-02-24T11:15:22","date_gmt":"2026-02-24T10:15:22","guid":{"rendered":"https:\/\/imprimeideas.es\/?post_type=product&p=38039"},"modified":"2026-02-26T18:27:56","modified_gmt":"2026-02-26T17:27:56","slug":"fiambrera-antibacteriana-fandex","status":"publish","type":"product","link":"https:\/\/imprimeideas.es\/en\/product\/fiambrera-antibacteriana-fandex\/","title":{"rendered":"Fiambrera Antibacteriana Fandex"},"content":{"rendered":"<p>Fiambrera antibacteriana en resistente material PP de acabado s\u00f3lido, libre de BPA. Dos compartimentos, cada uno de 700 ml de capacidad y cinta de seguridad con tenedor, cuchara y cuchillo. Los productos con tratamientos antibacterianos son capaces de reducir dr\u00e1sticamente las cargas bacterianas presentes en las superficies de los materiales, gracias a la incorporaci\u00f3n de agentes microbianos permanentes est\u00e1ticos, con alta efectividad para inhibir y prevenir la contaminaci\u00f3n bacteriana. Art\u00edculo de acuerdo al est\u00e1ndar ISO 22196, que determina la actividad antibacteriana en materiales pl\u00e1sticos y superficies no porosas, lo que permite conocer la efectividad de inhibici\u00f3n microbiana que tienen los aditivos sobre los objetos tratados mediante una evaluaci\u00f3n cuantitativa.<\/p>","protected":false},"excerpt":{"rendered":"<p>2 Compartimentos 700 ml<\/p>","protected":false},"featured_media":75330,"comment_status":"open","ping_status":"open","template":"","meta":{"inline_featured_image":false},"product_brand":[],"product_cat":[124,98],"product_tag":[],"class_list":{"0":"post-38039","1":"product","2":"type-product","3":"status-publish","4":"has-post-thumbnail","6":"product_cat-antibacterial","7":"product_cat-take-away","9":"first","10":"instock","11":"taxable","12":"shipping-taxable","13":"purchasable","14":"product-type-variable","15":"has-default-attributes"},"aioseo_notices":[],"_links":{"self":[{"href":"https:\/\/imprimeideas.es\/en\/wp-json\/wp\/v2\/product\/38039","targetHints":{"allow":["GET"]}}],"collection":[{"href":"https:\/\/imprimeideas.es\/en\/wp-json\/wp\/v2\/product"}],"about":[{"href":"https:\/\/imprimeideas.es\/en\/wp-json\/wp\/v2\/types\/product"}],"replies":[{"embeddable":true,"href":"https:\/\/imprimeideas.es\/en\/wp-json\/wp\/v2\/comments?post=38039"}],"version-history":[{"count":1,"href":"https:\/\/imprimeideas.es\/en\/wp-json\/wp\/v2\/product\/38039\/revisions"}],"predecessor-version":[{"id":60475,"href":"https:\/\/imprimeideas.es\/en\/wp-json\/wp\/v2\/product\/38039\/revisions\/60475"}],"wp:featuredmedia":[{"embeddable":true,"href":"https:\/\/imprimeideas.es\/en\/wp-json\/wp\/v2\/media\/75330"}],"wp:attachment":[{"href":"https:\/\/imprimeideas.es\/en\/wp-json\/wp\/v2\/media?parent=38039"}],"wp:term":[{"taxonomy":"product_brand","embeddable":true,"href":"https:\/\/imprimeideas.es\/en\/wp-json\/wp\/v2\/product_brand?post=38039"},{"taxonomy":"product_cat","embeddable":true,"href":"https:\/\/imprimeideas.es\/en\/wp-json\/wp\/v2\/product_cat?post=38039"},{"taxonomy":"product_tag","embeddable":true,"href":"https:\/\/imprimeideas.es\/en\/wp-json\/wp\/v2\/product_tag?post=38039"}],"curies":[{"name":"wp","href":"https:\/\/api.w.org\/{rel}","templated":true}]}}