{"id":38033,"date":"2026-02-24T11:15:22","date_gmt":"2026-02-24T10:15:22","guid":{"rendered":"https:\/\/imprimeideas.es\/?post_type=product&p=38033"},"modified":"2026-02-26T18:08:25","modified_gmt":"2026-02-26T17:08:25","slug":"cargador-wiket","status":"publish","type":"product","link":"https:\/\/imprimeideas.es\/en\/product\/cargador-wiket\/","title":{"rendered":"Cargador Wiket"},"content":{"rendered":"<p>Cargador inal\u00e1mbrico con funci\u00f3n soporte para smartphone. Fabricado en combinaci\u00f3n de piezas de bamb\u00fa de corte nature y cemento de piedra caliza, un conglomerante formado por la mezcla de materiales naturales, principalmente piedra caliza molida y agua, obteniendo un material de gran consistencia y durabilidad. Indicador led, cable de carga USB a juego y compatible con dispositivos equipados con tecnolog\u00eda de carga inal\u00e1mbrica. Protecci\u00f3n de seguridad para evitar sobrecalentamiento, sobrecarga y cortocircuito. Presentado en atractiva caja de dise\u00f1o.<\/p>","protected":false},"excerpt":{"rendered":"<p>Inal\u00e1mbrico 10W<\/p>","protected":false},"featured_media":69091,"comment_status":"open","ping_status":"open","template":"","meta":{"inline_featured_image":false},"product_brand":[],"product_cat":[122,95],"product_tag":[],"class_list":{"0":"post-38033","1":"product","2":"type-product","3":"status-publish","4":"has-post-thumbnail","6":"product_cat-articulos-sostenibles","7":"product_cat-tecnologia-y-accesorios","9":"first","10":"instock","11":"taxable","12":"shipping-taxable","13":"purchasable","14":"product-type-variable","15":"has-default-attributes"},"aioseo_notices":[],"_links":{"self":[{"href":"https:\/\/imprimeideas.es\/en\/wp-json\/wp\/v2\/product\/38033","targetHints":{"allow":["GET"]}}],"collection":[{"href":"https:\/\/imprimeideas.es\/en\/wp-json\/wp\/v2\/product"}],"about":[{"href":"https:\/\/imprimeideas.es\/en\/wp-json\/wp\/v2\/types\/product"}],"replies":[{"embeddable":true,"href":"https:\/\/imprimeideas.es\/en\/wp-json\/wp\/v2\/comments?post=38033"}],"version-history":[{"count":1,"href":"https:\/\/imprimeideas.es\/en\/wp-json\/wp\/v2\/product\/38033\/revisions"}],"predecessor-version":[{"id":60472,"href":"https:\/\/imprimeideas.es\/en\/wp-json\/wp\/v2\/product\/38033\/revisions\/60472"}],"wp:featuredmedia":[{"embeddable":true,"href":"https:\/\/imprimeideas.es\/en\/wp-json\/wp\/v2\/media\/69091"}],"wp:attachment":[{"href":"https:\/\/imprimeideas.es\/en\/wp-json\/wp\/v2\/media?parent=38033"}],"wp:term":[{"taxonomy":"product_brand","embeddable":true,"href":"https:\/\/imprimeideas.es\/en\/wp-json\/wp\/v2\/product_brand?post=38033"},{"taxonomy":"product_cat","embeddable":true,"href":"https:\/\/imprimeideas.es\/en\/wp-json\/wp\/v2\/product_cat?post=38033"},{"taxonomy":"product_tag","embeddable":true,"href":"https:\/\/imprimeideas.es\/en\/wp-json\/wp\/v2\/product_tag?post=38033"}],"curies":[{"name":"wp","href":"https:\/\/api.w.org\/{rel}","templated":true}]}}