{"id":38027,"date":"2026-02-24T11:15:21","date_gmt":"2026-02-24T10:15:21","guid":{"rendered":"https:\/\/imprimeideas.es\/?post_type=product&p=38027"},"modified":"2026-02-26T18:32:59","modified_gmt":"2026-02-26T17:32:59","slug":"cargador-kibox","status":"publish","type":"product","link":"https:\/\/imprimeideas.es\/en\/product\/cargador-kibox\/","title":{"rendered":"Cargador Kibox"},"content":{"rendered":"<p>Cargador inal\u00e1mbrico de l\u00ednea nature y dise\u00f1o circular fabricado en corcho natural, cuyos procesos de extracci\u00f3n tienen un m\u00ednimo impacto sobre el medio ambiente, destacando adem\u00e1s por ser uno de los materiales org\u00e1nicos con m\u00e1s durabilidad y resistencia.. Indicador led, cable de carga micro USB incluido y compatible con dispositivos equipados con tecnolog\u00eda de carga inal\u00e1mbrica. Protecci\u00f3n de seguridad para evitar sobrecalentamiento, sobrecarga y cortocircuito. Presentado en atractiva caja de dise\u00f1o nature.<\/p>","protected":false},"excerpt":{"rendered":"<p>Inal\u00e1mbrico 10W<\/p>","protected":false},"featured_media":80688,"comment_status":"open","ping_status":"open","template":"","meta":{"inline_featured_image":false},"product_brand":[],"product_cat":[122,95],"product_tag":[],"class_list":{"0":"post-38027","1":"product","2":"type-product","3":"status-publish","4":"has-post-thumbnail","6":"product_cat-articulos-sostenibles","7":"product_cat-tecnologia-y-accesorios","9":"first","10":"instock","11":"taxable","12":"shipping-taxable","13":"purchasable","14":"product-type-variable","15":"has-default-attributes"},"aioseo_notices":[],"_links":{"self":[{"href":"https:\/\/imprimeideas.es\/en\/wp-json\/wp\/v2\/product\/38027","targetHints":{"allow":["GET"]}}],"collection":[{"href":"https:\/\/imprimeideas.es\/en\/wp-json\/wp\/v2\/product"}],"about":[{"href":"https:\/\/imprimeideas.es\/en\/wp-json\/wp\/v2\/types\/product"}],"replies":[{"embeddable":true,"href":"https:\/\/imprimeideas.es\/en\/wp-json\/wp\/v2\/comments?post=38027"}],"version-history":[{"count":1,"href":"https:\/\/imprimeideas.es\/en\/wp-json\/wp\/v2\/product\/38027\/revisions"}],"predecessor-version":[{"id":60469,"href":"https:\/\/imprimeideas.es\/en\/wp-json\/wp\/v2\/product\/38027\/revisions\/60469"}],"wp:featuredmedia":[{"embeddable":true,"href":"https:\/\/imprimeideas.es\/en\/wp-json\/wp\/v2\/media\/80688"}],"wp:attachment":[{"href":"https:\/\/imprimeideas.es\/en\/wp-json\/wp\/v2\/media?parent=38027"}],"wp:term":[{"taxonomy":"product_brand","embeddable":true,"href":"https:\/\/imprimeideas.es\/en\/wp-json\/wp\/v2\/product_brand?post=38027"},{"taxonomy":"product_cat","embeddable":true,"href":"https:\/\/imprimeideas.es\/en\/wp-json\/wp\/v2\/product_cat?post=38027"},{"taxonomy":"product_tag","embeddable":true,"href":"https:\/\/imprimeideas.es\/en\/wp-json\/wp\/v2\/product_tag?post=38027"}],"curies":[{"name":"wp","href":"https:\/\/api.w.org\/{rel}","templated":true}]}}