{"id":38025,"date":"2026-02-24T11:15:21","date_gmt":"2026-02-24T10:15:21","guid":{"rendered":"https:\/\/imprimeideas.es\/?post_type=product&p=38025"},"modified":"2026-02-26T18:37:28","modified_gmt":"2026-02-26T17:37:28","slug":"dispensador-automatico-bisnal","status":"publish","type":"product","link":"https:\/\/imprimeideas.es\/en\/product\/dispensador-automatico-bisnal\/","title":{"rendered":"Dispensador Autom\u00e1tico Bisnal"},"content":{"rendered":"<p>Dispensador autom\u00e1tico de alcohol para higiene y limpieza de la piel, con sensor de movimiento de infrarrojos y led indicador. Tama\u00f1o compacto y discreto acabado en color blanco mate especialmente indicado para marcaje en tampograf\u00eda, con dep\u00f3sito de 45 ml f\u00e1cilmente rellenable (alcohol no incluido), m\u00e1s filtro y muelle de recambio. Bater\u00eda de iones de litio de 1.800 mA y capacidad de conversi\u00f3n electr\u00f3nica ? 90%. Recargable mediante cable USB tipo C de 1 metro de largo en color a juego,. Presentado en atractiva caja de dise\u00f1o, disponible manual de instrucciones en espa\u00f1ol en ingl\u00e9s.<\/p>","protected":false},"excerpt":{"rendered":"<p>45 ml. Bater\u00eda 1.800 mAh<\/p>","protected":false},"featured_media":86066,"comment_status":"open","ping_status":"open","template":"","meta":{"inline_featured_image":false},"product_brand":[],"product_cat":[125,104,96,128,95],"product_tag":[],"class_list":{"0":"post-38025","1":"product","2":"type-product","3":"status-publish","4":"has-post-thumbnail","6":"product_cat-coleccion-proteccion-higienica","7":"product_cat-hogar-y-decoracion","8":"product_cat-oficina-y-negocios","9":"product_cat-outlet","10":"product_cat-tecnologia-y-accesorios","12":"first","13":"instock","14":"taxable","15":"shipping-taxable","16":"purchasable","17":"product-type-variable","18":"has-default-attributes"},"aioseo_notices":[],"_links":{"self":[{"href":"https:\/\/imprimeideas.es\/en\/wp-json\/wp\/v2\/product\/38025","targetHints":{"allow":["GET"]}}],"collection":[{"href":"https:\/\/imprimeideas.es\/en\/wp-json\/wp\/v2\/product"}],"about":[{"href":"https:\/\/imprimeideas.es\/en\/wp-json\/wp\/v2\/types\/product"}],"replies":[{"embeddable":true,"href":"https:\/\/imprimeideas.es\/en\/wp-json\/wp\/v2\/comments?post=38025"}],"version-history":[{"count":1,"href":"https:\/\/imprimeideas.es\/en\/wp-json\/wp\/v2\/product\/38025\/revisions"}],"predecessor-version":[{"id":60468,"href":"https:\/\/imprimeideas.es\/en\/wp-json\/wp\/v2\/product\/38025\/revisions\/60468"}],"wp:featuredmedia":[{"embeddable":true,"href":"https:\/\/imprimeideas.es\/en\/wp-json\/wp\/v2\/media\/86066"}],"wp:attachment":[{"href":"https:\/\/imprimeideas.es\/en\/wp-json\/wp\/v2\/media?parent=38025"}],"wp:term":[{"taxonomy":"product_brand","embeddable":true,"href":"https:\/\/imprimeideas.es\/en\/wp-json\/wp\/v2\/product_brand?post=38025"},{"taxonomy":"product_cat","embeddable":true,"href":"https:\/\/imprimeideas.es\/en\/wp-json\/wp\/v2\/product_cat?post=38025"},{"taxonomy":"product_tag","embeddable":true,"href":"https:\/\/imprimeideas.es\/en\/wp-json\/wp\/v2\/product_tag?post=38025"}],"curies":[{"name":"wp","href":"https:\/\/api.w.org\/{rel}","templated":true}]}}